{"id":9714,"date":"2022-05-03T10:53:45","date_gmt":"2022-05-03T10:53:45","guid":{"rendered":"https:\/\/solucoesled.com\/shop\/?post_type=product&#038;p=9714"},"modified":"2026-03-04T15:32:24","modified_gmt":"2026-03-04T15:32:24","slug":"armadura-t5-c-int-60cms-9w-680lm","status":"publish","type":"product","link":"https:\/\/solucoesled.com\/shop\/product\/armadura-t5-c-int-60cms-9w-680lm\/","title":{"rendered":"Armadura T5 C\/ INT 60cms 9w 680lm"},"content":{"rendered":"","protected":false},"excerpt":{"rendered":"<p>Inclui acess\u00f3rios de suporte e de liga\u00e7\u00e3o entre armaduras.<\/p>\n","protected":false},"featured_media":6734,"template":"","meta":[],"product_cat":[788,786],"product_tag":[804],"acf":[],"_links":{"self":[{"href":"https:\/\/solucoesled.com\/shop\/wp-json\/wp\/v2\/product\/9714"}],"collection":[{"href":"https:\/\/solucoesled.com\/shop\/wp-json\/wp\/v2\/product"}],"about":[{"href":"https:\/\/solucoesled.com\/shop\/wp-json\/wp\/v2\/types\/product"}],"wp:featuredmedia":[{"embeddable":true,"href":"https:\/\/solucoesled.com\/shop\/wp-json\/wp\/v2\/media\/6734"}],"wp:attachment":[{"href":"https:\/\/solucoesled.com\/shop\/wp-json\/wp\/v2\/media?parent=9714"}],"wp:term":[{"taxonomy":"product_cat","embeddable":true,"href":"https:\/\/solucoesled.com\/shop\/wp-json\/wp\/v2\/product_cat?post=9714"},{"taxonomy":"product_tag","embeddable":true,"href":"https:\/\/solucoesled.com\/shop\/wp-json\/wp\/v2\/product_tag?post=9714"}],"curies":[{"name":"wp","href":"https:\/\/api.w.org\/{rel}","templated":true}]}}