{"id":8874,"date":"2022-04-20T17:12:48","date_gmt":"2022-04-20T17:12:48","guid":{"rendered":"https:\/\/solucoesled.com\/shop\/?post_type=product&#038;p=8874"},"modified":"2026-03-04T15:24:01","modified_gmt":"2026-03-04T15:24:01","slug":"armadura-t5-90cms-12w","status":"publish","type":"product","link":"https:\/\/solucoesled.com\/shop\/product\/armadura-t5-90cms-12w\/","title":{"rendered":"Armadura T5 90cms 12w 850Lm"},"content":{"rendered":"","protected":false},"excerpt":{"rendered":"<p>Inclui acess\u00f3rios de suporte e de liga\u00e7\u00e3o entre armaduras.<\/p>\n","protected":false},"featured_media":6726,"template":"","meta":[],"product_cat":[787,786],"product_tag":[1532],"acf":[],"_links":{"self":[{"href":"https:\/\/solucoesled.com\/shop\/wp-json\/wp\/v2\/product\/8874"}],"collection":[{"href":"https:\/\/solucoesled.com\/shop\/wp-json\/wp\/v2\/product"}],"about":[{"href":"https:\/\/solucoesled.com\/shop\/wp-json\/wp\/v2\/types\/product"}],"wp:featuredmedia":[{"embeddable":true,"href":"https:\/\/solucoesled.com\/shop\/wp-json\/wp\/v2\/media\/6726"}],"wp:attachment":[{"href":"https:\/\/solucoesled.com\/shop\/wp-json\/wp\/v2\/media?parent=8874"}],"wp:term":[{"taxonomy":"product_cat","embeddable":true,"href":"https:\/\/solucoesled.com\/shop\/wp-json\/wp\/v2\/product_cat?post=8874"},{"taxonomy":"product_tag","embeddable":true,"href":"https:\/\/solucoesled.com\/shop\/wp-json\/wp\/v2\/product_tag?post=8874"}],"curies":[{"name":"wp","href":"https:\/\/api.w.org\/{rel}","templated":true}]}}