{"id":8869,"date":"2022-04-20T17:04:15","date_gmt":"2022-04-20T17:04:15","guid":{"rendered":"https:\/\/solucoesled.com\/shop\/?post_type=product&#038;p=8869"},"modified":"2026-03-04T15:19:27","modified_gmt":"2026-03-04T15:19:27","slug":"armadura-t5-60cms-9w","status":"publish","type":"product","link":"https:\/\/solucoesled.com\/shop\/product\/armadura-t5-60cms-9w\/","title":{"rendered":"Armadura T5 60cms 9w 680lm"},"content":{"rendered":"","protected":false},"excerpt":{"rendered":"<p>Inclui acess\u00f3rios de suporte e de liga\u00e7\u00e3o entre armaduras.<\/p>\n","protected":false},"featured_media":6726,"template":"","meta":[],"product_cat":[787,786],"product_tag":[1531],"acf":[],"_links":{"self":[{"href":"https:\/\/solucoesled.com\/shop\/wp-json\/wp\/v2\/product\/8869"}],"collection":[{"href":"https:\/\/solucoesled.com\/shop\/wp-json\/wp\/v2\/product"}],"about":[{"href":"https:\/\/solucoesled.com\/shop\/wp-json\/wp\/v2\/types\/product"}],"wp:featuredmedia":[{"embeddable":true,"href":"https:\/\/solucoesled.com\/shop\/wp-json\/wp\/v2\/media\/6726"}],"wp:attachment":[{"href":"https:\/\/solucoesled.com\/shop\/wp-json\/wp\/v2\/media?parent=8869"}],"wp:term":[{"taxonomy":"product_cat","embeddable":true,"href":"https:\/\/solucoesled.com\/shop\/wp-json\/wp\/v2\/product_cat?post=8869"},{"taxonomy":"product_tag","embeddable":true,"href":"https:\/\/solucoesled.com\/shop\/wp-json\/wp\/v2\/product_tag?post=8869"}],"curies":[{"name":"wp","href":"https:\/\/api.w.org\/{rel}","templated":true}]}}