{"id":8865,"date":"2022-04-20T16:54:57","date_gmt":"2022-04-20T16:54:57","guid":{"rendered":"https:\/\/solucoesled.com\/shop\/?post_type=product&#038;p=8865"},"modified":"2026-03-04T15:15:14","modified_gmt":"2026-03-04T15:15:14","slug":"armadura-t5-30cms-5w","status":"publish","type":"product","link":"https:\/\/solucoesled.com\/shop\/product\/armadura-t5-30cms-5w\/","title":{"rendered":"Armadura T5 30cms 5w 340Lm"},"content":{"rendered":"","protected":false},"excerpt":{"rendered":"<p>Inclui acess\u00f3rios de suporte e de liga\u00e7\u00e3o entre armaduras.<\/p>\n","protected":false},"featured_media":6726,"template":"","meta":[],"product_cat":[787,786],"product_tag":[1530],"acf":[],"_links":{"self":[{"href":"https:\/\/solucoesled.com\/shop\/wp-json\/wp\/v2\/product\/8865"}],"collection":[{"href":"https:\/\/solucoesled.com\/shop\/wp-json\/wp\/v2\/product"}],"about":[{"href":"https:\/\/solucoesled.com\/shop\/wp-json\/wp\/v2\/types\/product"}],"wp:featuredmedia":[{"embeddable":true,"href":"https:\/\/solucoesled.com\/shop\/wp-json\/wp\/v2\/media\/6726"}],"wp:attachment":[{"href":"https:\/\/solucoesled.com\/shop\/wp-json\/wp\/v2\/media?parent=8865"}],"wp:term":[{"taxonomy":"product_cat","embeddable":true,"href":"https:\/\/solucoesled.com\/shop\/wp-json\/wp\/v2\/product_cat?post=8865"},{"taxonomy":"product_tag","embeddable":true,"href":"https:\/\/solucoesled.com\/shop\/wp-json\/wp\/v2\/product_tag?post=8865"}],"curies":[{"name":"wp","href":"https:\/\/api.w.org\/{rel}","templated":true}]}}