{"id":8860,"date":"2022-04-20T16:46:33","date_gmt":"2022-04-20T16:46:33","guid":{"rendered":"https:\/\/solucoesled.com\/shop\/?post_type=product&#038;p=8860"},"modified":"2026-03-04T15:12:31","modified_gmt":"2026-03-04T15:12:31","slug":"armadura-t5-150cms-20w","status":"publish","type":"product","link":"https:\/\/solucoesled.com\/shop\/product\/armadura-t5-150cms-20w\/","title":{"rendered":"Armadura T5 150cms 20w"},"content":{"rendered":"","protected":false},"excerpt":{"rendered":"<p>Inclui acess\u00f3rios de suporte e de liga\u00e7\u00e3o entre armaduras.<\/p>\n","protected":false},"featured_media":6726,"template":"","meta":[],"product_cat":[787,786],"product_tag":[1529],"acf":[],"_links":{"self":[{"href":"https:\/\/solucoesled.com\/shop\/wp-json\/wp\/v2\/product\/8860"}],"collection":[{"href":"https:\/\/solucoesled.com\/shop\/wp-json\/wp\/v2\/product"}],"about":[{"href":"https:\/\/solucoesled.com\/shop\/wp-json\/wp\/v2\/types\/product"}],"wp:featuredmedia":[{"embeddable":true,"href":"https:\/\/solucoesled.com\/shop\/wp-json\/wp\/v2\/media\/6726"}],"wp:attachment":[{"href":"https:\/\/solucoesled.com\/shop\/wp-json\/wp\/v2\/media?parent=8860"}],"wp:term":[{"taxonomy":"product_cat","embeddable":true,"href":"https:\/\/solucoesled.com\/shop\/wp-json\/wp\/v2\/product_cat?post=8860"},{"taxonomy":"product_tag","embeddable":true,"href":"https:\/\/solucoesled.com\/shop\/wp-json\/wp\/v2\/product_tag?post=8860"}],"curies":[{"name":"wp","href":"https:\/\/api.w.org\/{rel}","templated":true}]}}