{"id":7533,"date":"2022-03-29T18:11:56","date_gmt":"2022-03-29T17:11:56","guid":{"rendered":"https:\/\/solucoesled.com\/shop\/?post_type=product&#038;p=7533"},"modified":"2026-02-25T17:16:31","modified_gmt":"2026-02-25T17:16:31","slug":"filtro-de-protecao-picos-de-corrente-ate-350w","status":"publish","type":"product","link":"https:\/\/solucoesled.com\/shop\/product\/filtro-de-protecao-picos-de-corrente-ate-350w\/","title":{"rendered":"Filtro de Prote\u00e7\u00e3o Picos de Corrente at\u00e9 350w"},"content":{"rendered":"","protected":false},"excerpt":{"rendered":"<h3>REF. 5011.34<\/h3>\n","protected":false},"featured_media":7534,"template":"","meta":[],"product_cat":[1567,1712,25,1564,1569,1713,29,1565,1571,31,1566,32,1267],"product_tag":[1190],"acf":[],"_links":{"self":[{"href":"https:\/\/solucoesled.com\/shop\/wp-json\/wp\/v2\/product\/7533"}],"collection":[{"href":"https:\/\/solucoesled.com\/shop\/wp-json\/wp\/v2\/product"}],"about":[{"href":"https:\/\/solucoesled.com\/shop\/wp-json\/wp\/v2\/types\/product"}],"wp:featuredmedia":[{"embeddable":true,"href":"https:\/\/solucoesled.com\/shop\/wp-json\/wp\/v2\/media\/7534"}],"wp:attachment":[{"href":"https:\/\/solucoesled.com\/shop\/wp-json\/wp\/v2\/media?parent=7533"}],"wp:term":[{"taxonomy":"product_cat","embeddable":true,"href":"https:\/\/solucoesled.com\/shop\/wp-json\/wp\/v2\/product_cat?post=7533"},{"taxonomy":"product_tag","embeddable":true,"href":"https:\/\/solucoesled.com\/shop\/wp-json\/wp\/v2\/product_tag?post=7533"}],"curies":[{"name":"wp","href":"https:\/\/api.w.org\/{rel}","templated":true}]}}