{"id":6773,"date":"2022-03-15T15:37:28","date_gmt":"2022-03-15T15:37:28","guid":{"rendered":"https:\/\/solucoesled.com\/shop\/?post_type=product&#038;p=6773"},"modified":"2026-05-04T11:11:42","modified_gmt":"2026-05-04T10:11:42","slug":"armadura-t5-c-int-150cms-20w-3000k-1800lm","status":"publish","type":"product","link":"https:\/\/solucoesled.com\/shop\/product\/armadura-t5-c-int-150cms-20w-3000k-1800lm\/","title":{"rendered":"Armadura T5 C\/INT 150cms 20w 3000k\/4000k\/6400k 1800lm"},"content":{"rendered":"","protected":false},"excerpt":{"rendered":"<p><strong>QUANTIDADE POR CAIXA: <u>30 UNIDADES<\/u>.<\/strong><br \/>\nInclui acess\u00f3rios de suporte e de liga\u00e7\u00e3o entre armaduras.<\/p>\n","protected":false},"featured_media":6734,"template":"","meta":[],"product_cat":[788,786],"product_tag":[1619],"acf":[],"_links":{"self":[{"href":"https:\/\/solucoesled.com\/shop\/wp-json\/wp\/v2\/product\/6773"}],"collection":[{"href":"https:\/\/solucoesled.com\/shop\/wp-json\/wp\/v2\/product"}],"about":[{"href":"https:\/\/solucoesled.com\/shop\/wp-json\/wp\/v2\/types\/product"}],"wp:featuredmedia":[{"embeddable":true,"href":"https:\/\/solucoesled.com\/shop\/wp-json\/wp\/v2\/media\/6734"}],"wp:attachment":[{"href":"https:\/\/solucoesled.com\/shop\/wp-json\/wp\/v2\/media?parent=6773"}],"wp:term":[{"taxonomy":"product_cat","embeddable":true,"href":"https:\/\/solucoesled.com\/shop\/wp-json\/wp\/v2\/product_cat?post=6773"},{"taxonomy":"product_tag","embeddable":true,"href":"https:\/\/solucoesled.com\/shop\/wp-json\/wp\/v2\/product_tag?post=6773"}],"curies":[{"name":"wp","href":"https:\/\/api.w.org\/{rel}","templated":true}]}}