{"id":23758,"date":"2026-04-14T12:12:00","date_gmt":"2026-04-14T11:12:00","guid":{"rendered":"https:\/\/solucoesled.com\/shop\/?post_type=product&#038;p=23758"},"modified":"2026-04-14T12:12:02","modified_gmt":"2026-04-14T11:12:02","slug":"lampada-e27-g80-filamento-led-6w-2200k-720lm-dimavel-vidro-ambar-o85-x-137mm","status":"publish","type":"product","link":"https:\/\/solucoesled.com\/shop\/product\/lampada-e27-g80-filamento-led-6w-2200k-720lm-dimavel-vidro-ambar-o85-x-137mm\/","title":{"rendered":"L\u00e2mpada E27 G80 Filamento LED 6W 2200K 720lm Dim\u00e1vel Vidro Ambar \u00d885 x 137mm"},"content":{"rendered":"","protected":false},"excerpt":{"rendered":"<h3 style=\"color: #3ea8f4\">REF. 90921<\/h3>\n","protected":false},"featured_media":23764,"template":"","meta":[],"product_cat":[709,1813],"product_tag":[],"acf":[],"_links":{"self":[{"href":"https:\/\/solucoesled.com\/shop\/wp-json\/wp\/v2\/product\/23758"}],"collection":[{"href":"https:\/\/solucoesled.com\/shop\/wp-json\/wp\/v2\/product"}],"about":[{"href":"https:\/\/solucoesled.com\/shop\/wp-json\/wp\/v2\/types\/product"}],"wp:featuredmedia":[{"embeddable":true,"href":"https:\/\/solucoesled.com\/shop\/wp-json\/wp\/v2\/media\/23764"}],"wp:attachment":[{"href":"https:\/\/solucoesled.com\/shop\/wp-json\/wp\/v2\/media?parent=23758"}],"wp:term":[{"taxonomy":"product_cat","embeddable":true,"href":"https:\/\/solucoesled.com\/shop\/wp-json\/wp\/v2\/product_cat?post=23758"},{"taxonomy":"product_tag","embeddable":true,"href":"https:\/\/solucoesled.com\/shop\/wp-json\/wp\/v2\/product_tag?post=23758"}],"curies":[{"name":"wp","href":"https:\/\/api.w.org\/{rel}","templated":true}]}}