{"id":21728,"date":"2026-02-24T16:10:32","date_gmt":"2026-02-24T16:10:32","guid":{"rendered":"https:\/\/solucoesled.com\/shop\/?post_type=product&#038;p=21728"},"modified":"2026-02-25T16:55:01","modified_gmt":"2026-02-25T16:55:01","slug":"sensor-de-movimento-duplo-para-portas-de-correr-12-24vdc-60w-o10x109-furo-de-o8","status":"publish","type":"product","link":"https:\/\/solucoesled.com\/shop\/product\/sensor-de-movimento-duplo-para-portas-de-correr-12-24vdc-60w-o10x109-furo-de-o8\/","title":{"rendered":"Sensor de movimento duplo para portas de correr 12\/24Vdc 60w \u00d810&#215;10,9 furo de \u00d88"},"content":{"rendered":"<p>Sensores de movimento para controlo autom\u00e1tico de luz por abertura\/fecho de portas.<br \/>\nO sensor interruptor geral com cabo para porta dupla \u00e9 a solu\u00e7\u00e3o ideal para o controlo autom\u00e1tico de ilumina\u00e7\u00e3o em m\u00f3veis e arm\u00e1rios, permitindo ligar e desligar luzes de forma pr\u00e1tica ao abrir ou fechar as portas.<br \/>\nAo abrir ou fechar uma porta, o sensor liga ou desliga automaticamente a luz, proporcionando economia de energia e um acabamento profissional ao projeto.<br \/>\nCompat\u00edvel com sistemas de ilumina\u00e7\u00e3o LED em 12V ou 24V, suporta cargas at\u00e9 60W e possui instala\u00e7\u00e3o embutida com perfura\u00e7\u00e3o de apenas 8 mm, tornando-o discreto e f\u00e1cil de integrar em diversos tipos de m\u00f3veis.<\/p>\n","protected":false},"excerpt":{"rendered":"<h2 style=\"color:#3ea8f4\">REF. GRUMO95DOB<\/h2>\n","protected":false},"featured_media":21729,"template":"","meta":[],"product_cat":[1821,1819],"product_tag":[1851],"acf":[],"_links":{"self":[{"href":"https:\/\/solucoesled.com\/shop\/wp-json\/wp\/v2\/product\/21728"}],"collection":[{"href":"https:\/\/solucoesled.com\/shop\/wp-json\/wp\/v2\/product"}],"about":[{"href":"https:\/\/solucoesled.com\/shop\/wp-json\/wp\/v2\/types\/product"}],"wp:featuredmedia":[{"embeddable":true,"href":"https:\/\/solucoesled.com\/shop\/wp-json\/wp\/v2\/media\/21729"}],"wp:attachment":[{"href":"https:\/\/solucoesled.com\/shop\/wp-json\/wp\/v2\/media?parent=21728"}],"wp:term":[{"taxonomy":"product_cat","embeddable":true,"href":"https:\/\/solucoesled.com\/shop\/wp-json\/wp\/v2\/product_cat?post=21728"},{"taxonomy":"product_tag","embeddable":true,"href":"https:\/\/solucoesled.com\/shop\/wp-json\/wp\/v2\/product_tag?post=21728"}],"curies":[{"name":"wp","href":"https:\/\/api.w.org\/{rel}","templated":true}]}}