{"id":21721,"date":"2026-02-24T15:45:57","date_gmt":"2026-02-24T15:45:57","guid":{"rendered":"https:\/\/solucoesled.com\/shop\/?post_type=product&#038;p=21721"},"modified":"2026-02-25T16:55:01","modified_gmt":"2026-02-25T16:55:01","slug":"sensor-de-movimento-para-portas-de-abrir-12-24vdc-60w-o10x109-furo-de-o8","status":"publish","type":"product","link":"https:\/\/solucoesled.com\/shop\/product\/sensor-de-movimento-para-portas-de-abrir-12-24vdc-60w-o10x109-furo-de-o8\/","title":{"rendered":"Sensor de movimento para portas de abrir 12\/24Vdc 60w \u00d810&#215;10,9 furo de \u00d88"},"content":{"rendered":"<p>Sensor de movimento para controlo autom\u00e1tico de luz por abertura\/fecho de porta.<br \/>\nO sensor de porta com cabo \u00e9 a solu\u00e7\u00e3o ideal para o controlo autom\u00e1tico de ilumina\u00e7\u00e3o, em m\u00f3veis e arm\u00e1rios, permitindo ligar e desligar luzes de forma pr\u00e1tica ao abrir ou fechar a porta.<br \/>\nAo abrir ou fechar porta, o sensor liga ou desliga automaticamente a luz, proporcionando economia de energia e um acabamento profissional ao projeto.<br \/>\nSistema muito utilizado em arm\u00e1rios, roupeiros, m\u00f3veis, vitrines e aplica\u00e7\u00f5es de ilumina\u00e7\u00e3o LED.<br \/>\nFunciona com alimenta\u00e7\u00e3o DC 12\u201324V, sendo compat\u00edvel com a maioria das fontes de energia utilizadas em sistemas de ilumina\u00e7\u00e3o LED.<br \/>\nO seu design compacto permite uma instala\u00e7\u00e3o discreta, com furo de apenas 8 mm, tornando-o discreto e f\u00e1cil de integrar em diversos tipos de m\u00f3veis.<\/p>\n","protected":false},"excerpt":{"rendered":"<h2 style=\"color:#3ea8f4\">REF. GRUMO94SIM<\/h2>\n","protected":false},"featured_media":21722,"template":"","meta":[],"product_cat":[1821,1819],"product_tag":[1851],"acf":[],"_links":{"self":[{"href":"https:\/\/solucoesled.com\/shop\/wp-json\/wp\/v2\/product\/21721"}],"collection":[{"href":"https:\/\/solucoesled.com\/shop\/wp-json\/wp\/v2\/product"}],"about":[{"href":"https:\/\/solucoesled.com\/shop\/wp-json\/wp\/v2\/types\/product"}],"wp:featuredmedia":[{"embeddable":true,"href":"https:\/\/solucoesled.com\/shop\/wp-json\/wp\/v2\/media\/21722"}],"wp:attachment":[{"href":"https:\/\/solucoesled.com\/shop\/wp-json\/wp\/v2\/media?parent=21721"}],"wp:term":[{"taxonomy":"product_cat","embeddable":true,"href":"https:\/\/solucoesled.com\/shop\/wp-json\/wp\/v2\/product_cat?post=21721"},{"taxonomy":"product_tag","embeddable":true,"href":"https:\/\/solucoesled.com\/shop\/wp-json\/wp\/v2\/product_tag?post=21721"}],"curies":[{"name":"wp","href":"https:\/\/api.w.org\/{rel}","templated":true}]}}