{"id":21618,"date":"2026-02-23T15:07:05","date_gmt":"2026-02-23T15:07:05","guid":{"rendered":"https:\/\/solucoesled.com\/shop\/?post_type=product&#038;p=21618"},"modified":"2026-02-25T18:39:50","modified_gmt":"2026-02-25T18:39:50","slug":"linea-led-suspensa-branco-12m-40w-3000k-140lmw-dimavel-triac-chip-led-inventronics-driver-osram-11250x67x68-mm-suspensao-3-metros-fio-alimentacao-2-metros-tambem-disponivel-dimavel-dali","status":"publish","type":"product","link":"https:\/\/solucoesled.com\/shop\/product\/linea-led-suspensa-branco-12m-40w-3000k-140lmw-dimavel-triac-chip-led-inventronics-driver-osram-11250x67x68-mm-suspensao-3-metros-fio-alimentacao-2-metros-tambem-disponivel-dimavel-dali\/","title":{"rendered":"Linea Led Suspensa Branco 1,2m 40w 140lm\\w Dim\u00e1vel Triac Chip Led Inventronics Driver Osram 1250x67x68 mm suspens\u00e3o: 3 metros &#8211; Fio Alimenta\u00e7\u00e3o 2 Metros &#8211; Tambem disponivel dim\u00e1vel Dali"},"content":{"rendered":"","protected":false},"excerpt":{"rendered":"","protected":false},"featured_media":21636,"template":"","meta":[],"product_cat":[1662,1007],"product_tag":[2583],"acf":[],"_links":{"self":[{"href":"https:\/\/solucoesled.com\/shop\/wp-json\/wp\/v2\/product\/21618"}],"collection":[{"href":"https:\/\/solucoesled.com\/shop\/wp-json\/wp\/v2\/product"}],"about":[{"href":"https:\/\/solucoesled.com\/shop\/wp-json\/wp\/v2\/types\/product"}],"wp:featuredmedia":[{"embeddable":true,"href":"https:\/\/solucoesled.com\/shop\/wp-json\/wp\/v2\/media\/21636"}],"wp:attachment":[{"href":"https:\/\/solucoesled.com\/shop\/wp-json\/wp\/v2\/media?parent=21618"}],"wp:term":[{"taxonomy":"product_cat","embeddable":true,"href":"https:\/\/solucoesled.com\/shop\/wp-json\/wp\/v2\/product_cat?post=21618"},{"taxonomy":"product_tag","embeddable":true,"href":"https:\/\/solucoesled.com\/shop\/wp-json\/wp\/v2\/product_tag?post=21618"}],"curies":[{"name":"wp","href":"https:\/\/api.w.org\/{rel}","templated":true}]}}