{"id":21604,"date":"2026-02-23T12:42:37","date_gmt":"2026-02-23T12:42:37","guid":{"rendered":"https:\/\/solucoesled.com\/shop\/?post_type=product&#038;p=21604"},"modified":"2026-02-25T16:55:26","modified_gmt":"2026-02-25T16:55:26","slug":"barra-led-magnetica-para-armario-40cm-3-leds-4000k-com-sensor-movimento-recarregavel-usb","status":"publish","type":"product","link":"https:\/\/solucoesled.com\/shop\/product\/barra-led-magnetica-para-armario-40cm-3-leds-4000k-com-sensor-movimento-recarregavel-usb\/","title":{"rendered":"Barra Led Magn\u00e9tica Para Arm\u00e1rio 40cm 3 leds 4000K com Sensor Movimento Recarreg\u00e1vel USB"},"content":{"rendered":"","protected":false},"excerpt":{"rendered":"<h3 style=\"color: #3ea8f4\">REF. 91432<\/h3>\n<p><\/br><\/p>\n<p>Modos de uso:<\/p>\n<p>MODO SEMPRE LIGADO<\/p>\n<p>O modo &#8220;sempre ligado&#8221; pode iluminar durante 6 horas consecutivas, deixar\u00e1 de detetar movimento e luz at\u00e9 que o modo AUTO seja ativado.<\/p>\n<p>AUTO ON \/ OFF<\/p>\n<p>O movimento \u00e9 ativado quando detecta a sua presen\u00e7a a uma dist\u00e2ncia de 3-5 metros, em condi\u00e7\u00f5es de baixa luminosidade, com um \u00e2ngulo de dete\u00e7\u00e3o de 120\u00b0. A luz apaga-se automaticamente depois de 15 segundos, caso saia da \u00e1rea de dete\u00e7\u00e3o.<\/p>\n","protected":false},"featured_media":21611,"template":"","meta":[],"product_cat":[1527,1526,2133],"product_tag":[],"acf":[],"_links":{"self":[{"href":"https:\/\/solucoesled.com\/shop\/wp-json\/wp\/v2\/product\/21604"}],"collection":[{"href":"https:\/\/solucoesled.com\/shop\/wp-json\/wp\/v2\/product"}],"about":[{"href":"https:\/\/solucoesled.com\/shop\/wp-json\/wp\/v2\/types\/product"}],"wp:featuredmedia":[{"embeddable":true,"href":"https:\/\/solucoesled.com\/shop\/wp-json\/wp\/v2\/media\/21611"}],"wp:attachment":[{"href":"https:\/\/solucoesled.com\/shop\/wp-json\/wp\/v2\/media?parent=21604"}],"wp:term":[{"taxonomy":"product_cat","embeddable":true,"href":"https:\/\/solucoesled.com\/shop\/wp-json\/wp\/v2\/product_cat?post=21604"},{"taxonomy":"product_tag","embeddable":true,"href":"https:\/\/solucoesled.com\/shop\/wp-json\/wp\/v2\/product_tag?post=21604"}],"curies":[{"name":"wp","href":"https:\/\/api.w.org\/{rel}","templated":true}]}}