{"id":21086,"date":"2026-02-18T12:31:11","date_gmt":"2026-02-18T12:31:11","guid":{"rendered":"https:\/\/solucoesled.com\/shop\/?post_type=product&#038;p=21086"},"modified":"2026-02-25T16:57:23","modified_gmt":"2026-02-25T16:57:23","slug":"barra-led-magnetica-para-armario-30cm-6000k-com-sensor-movimento-recarregavel-usb-inclui-cabo","status":"publish","type":"product","link":"https:\/\/solucoesled.com\/shop\/product\/barra-led-magnetica-para-armario-30cm-6000k-com-sensor-movimento-recarregavel-usb-inclui-cabo\/","title":{"rendered":"Barra Led Magn\u00e9tica Para Arm\u00e1rio 30cm 6000K com Sensor Movimento Recarreg\u00e1vel USB (Inclui Cabo)"},"content":{"rendered":"","protected":false},"excerpt":{"rendered":"<h3 style=\"color: #3ea8f4\">REF. 91431P02<\/h3>\n<p>&nbsp;<\/p>\n<p>Luz alimentada a bateria para arm\u00e1rios, prateleiras, escadas, cozinha, entradas e corredores.<\/p>\n<p>Tr\u00eas modos de utiliza\u00e7\u00e3o<\/p>\n<p>1. MODO SEMPRE LIGADO<br \/>\nO modo sempre ligado pode iluminar continuamente durante 8 horas. Neste modo, deixa de detetar movimento e luz at\u00e9 que seja alterado.<\/p>\n<p>2. AUTO ON \/ OFF (Autom\u00e1tico Ligado \/ Desligado)<br \/>\nAtivada por movimento quando deteta presen\u00e7a a uma dist\u00e2ncia de 3 a 5 metros, em ambiente escuro, com um \u00e2ngulo de dete\u00e7\u00e3o amplo de 120\u00b0. Desliga-se automaticamente 15 segundos ap\u00f3s sair da \u00e1rea de dete\u00e7\u00e3o.<\/p>\n<p>3. ALTO BRILHO<br \/>\nPode manter premido o bot\u00e3o durante 2 segundos para ajustar o n\u00edvel de brilho para 25%, 50% ou 100%.<\/p>\n<p>4. Recarreg\u00e1vel por USB<\/p>\n","protected":false},"featured_media":21096,"template":"","meta":[],"product_cat":[1527,1526,2133],"product_tag":[],"acf":[],"_links":{"self":[{"href":"https:\/\/solucoesled.com\/shop\/wp-json\/wp\/v2\/product\/21086"}],"collection":[{"href":"https:\/\/solucoesled.com\/shop\/wp-json\/wp\/v2\/product"}],"about":[{"href":"https:\/\/solucoesled.com\/shop\/wp-json\/wp\/v2\/types\/product"}],"wp:featuredmedia":[{"embeddable":true,"href":"https:\/\/solucoesled.com\/shop\/wp-json\/wp\/v2\/media\/21096"}],"wp:attachment":[{"href":"https:\/\/solucoesled.com\/shop\/wp-json\/wp\/v2\/media?parent=21086"}],"wp:term":[{"taxonomy":"product_cat","embeddable":true,"href":"https:\/\/solucoesled.com\/shop\/wp-json\/wp\/v2\/product_cat?post=21086"},{"taxonomy":"product_tag","embeddable":true,"href":"https:\/\/solucoesled.com\/shop\/wp-json\/wp\/v2\/product_tag?post=21086"}],"curies":[{"name":"wp","href":"https:\/\/api.w.org\/{rel}","templated":true}]}}