{"id":21056,"date":"2026-02-18T11:46:27","date_gmt":"2026-02-18T11:46:27","guid":{"rendered":"https:\/\/solucoesled.com\/shop\/?post_type=product&#038;p=21056"},"modified":"2026-03-11T17:37:06","modified_gmt":"2026-03-11T17:37:06","slug":"foco-p-pladour-10w-redondo-aluminio-prata-fixo-4000k-850lm-aroo85x95-furoo85-abas-145-aluminio","status":"publish","type":"product","link":"https:\/\/solucoesled.com\/shop\/product\/foco-p-pladour-10w-redondo-aluminio-prata-fixo-4000k-850lm-aroo85x95-furoo85-abas-145-aluminio\/","title":{"rendered":"Foco P Pladour 10w Redondo Alum\u00ednio Prata Fixo 4000k 850lm &#8220;Aro&#8221;\u00d885&#215;95 Furo\u00d885 Abas 145 Alum\u00ednio"},"content":{"rendered":"","protected":false},"excerpt":{"rendered":"<h3 style=\"color: #3ea8f4\">REF. A18680110A<\/h3>\n<p><\/br><\/p>\n","protected":false},"featured_media":20821,"template":"","meta":[],"product_cat":[340,38],"product_tag":[],"acf":[],"_links":{"self":[{"href":"https:\/\/solucoesled.com\/shop\/wp-json\/wp\/v2\/product\/21056"}],"collection":[{"href":"https:\/\/solucoesled.com\/shop\/wp-json\/wp\/v2\/product"}],"about":[{"href":"https:\/\/solucoesled.com\/shop\/wp-json\/wp\/v2\/types\/product"}],"wp:featuredmedia":[{"embeddable":true,"href":"https:\/\/solucoesled.com\/shop\/wp-json\/wp\/v2\/media\/20821"}],"wp:attachment":[{"href":"https:\/\/solucoesled.com\/shop\/wp-json\/wp\/v2\/media?parent=21056"}],"wp:term":[{"taxonomy":"product_cat","embeddable":true,"href":"https:\/\/solucoesled.com\/shop\/wp-json\/wp\/v2\/product_cat?post=21056"},{"taxonomy":"product_tag","embeddable":true,"href":"https:\/\/solucoesled.com\/shop\/wp-json\/wp\/v2\/product_tag?post=21056"}],"curies":[{"name":"wp","href":"https:\/\/api.w.org\/{rel}","templated":true}]}}