{"id":20877,"date":"2026-02-11T08:57:44","date_gmt":"2026-02-11T08:57:44","guid":{"rendered":"https:\/\/solucoesled.com\/shop\/?post_type=product&#038;p=20877"},"modified":"2026-02-25T16:59:07","modified_gmt":"2026-02-25T16:59:07","slug":"regua-1x-t8-1200mm-fase-neutro-mesmo-lado-ligacao-continua","status":"publish","type":"product","link":"https:\/\/solucoesled.com\/shop\/product\/regua-1x-t8-1200mm-fase-neutro-mesmo-lado-ligacao-continua\/","title":{"rendered":"R\u00e9gua 1x T8 1200mm  Fase\/Neutro mesmo lado (liga\u00e7\u00e3o cont\u00ednua)"},"content":{"rendered":"","protected":false},"excerpt":{"rendered":"<h3 style=\"color: #3ea8f4\">REF. 2090368<\/h3>\n<p><\/br><\/p>\n<p>R\u00e9gua permite liga\u00e7\u00e3o em s\u00e9rie(Cont\u00ednua)<\/p>\n<p>Quantidade venda minima 10 uni.<\/p>\n","protected":false},"featured_media":20878,"template":"","meta":[],"product_cat":[129,1353,154,26],"product_tag":[467],"acf":[],"_links":{"self":[{"href":"https:\/\/solucoesled.com\/shop\/wp-json\/wp\/v2\/product\/20877"}],"collection":[{"href":"https:\/\/solucoesled.com\/shop\/wp-json\/wp\/v2\/product"}],"about":[{"href":"https:\/\/solucoesled.com\/shop\/wp-json\/wp\/v2\/types\/product"}],"wp:featuredmedia":[{"embeddable":true,"href":"https:\/\/solucoesled.com\/shop\/wp-json\/wp\/v2\/media\/20878"}],"wp:attachment":[{"href":"https:\/\/solucoesled.com\/shop\/wp-json\/wp\/v2\/media?parent=20877"}],"wp:term":[{"taxonomy":"product_cat","embeddable":true,"href":"https:\/\/solucoesled.com\/shop\/wp-json\/wp\/v2\/product_cat?post=20877"},{"taxonomy":"product_tag","embeddable":true,"href":"https:\/\/solucoesled.com\/shop\/wp-json\/wp\/v2\/product_tag?post=20877"}],"curies":[{"name":"wp","href":"https:\/\/api.w.org\/{rel}","templated":true}]}}