{"id":20863,"date":"2026-02-10T16:03:38","date_gmt":"2026-02-10T16:03:38","guid":{"rendered":"https:\/\/solucoesled.com\/shop\/?post_type=product&#038;p=20863"},"modified":"2026-02-25T16:59:13","modified_gmt":"2026-02-25T16:59:13","slug":"candeeiro-de-mesa-solar-2w-2700k-180lm-dimavel-pode-ser-carregado-por-usb-inclui-cabo-217xo130-aluminiopcabs","status":"publish","type":"product","link":"https:\/\/solucoesled.com\/shop\/product\/candeeiro-de-mesa-solar-2w-2700k-180lm-dimavel-pode-ser-carregado-por-usb-inclui-cabo-217xo130-aluminiopcabs\/","title":{"rendered":"Candeeiro de mesa Solar 2w 2700k 180lm Dim\u00e1vel &#8211; Pode ser carregado por USB Inclui cabo 217x\u00d8130 Alum\u00ednio+PC+ABS"},"content":{"rendered":"","protected":false},"excerpt":{"rendered":"<h3 style=\"color: #3ea8f4\">REF. DT33611<\/h3>\n","protected":false},"featured_media":20865,"template":"","meta":[],"product_cat":[2559,101],"product_tag":[],"acf":[],"_links":{"self":[{"href":"https:\/\/solucoesled.com\/shop\/wp-json\/wp\/v2\/product\/20863"}],"collection":[{"href":"https:\/\/solucoesled.com\/shop\/wp-json\/wp\/v2\/product"}],"about":[{"href":"https:\/\/solucoesled.com\/shop\/wp-json\/wp\/v2\/types\/product"}],"wp:featuredmedia":[{"embeddable":true,"href":"https:\/\/solucoesled.com\/shop\/wp-json\/wp\/v2\/media\/20865"}],"wp:attachment":[{"href":"https:\/\/solucoesled.com\/shop\/wp-json\/wp\/v2\/media?parent=20863"}],"wp:term":[{"taxonomy":"product_cat","embeddable":true,"href":"https:\/\/solucoesled.com\/shop\/wp-json\/wp\/v2\/product_cat?post=20863"},{"taxonomy":"product_tag","embeddable":true,"href":"https:\/\/solucoesled.com\/shop\/wp-json\/wp\/v2\/product_tag?post=20863"}],"curies":[{"name":"wp","href":"https:\/\/api.w.org\/{rel}","templated":true}]}}