{"id":20815,"date":"2026-02-10T12:02:10","date_gmt":"2026-02-10T12:02:10","guid":{"rendered":"https:\/\/solucoesled.com\/shop\/?post_type=product&#038;p=20815"},"modified":"2026-03-11T17:31:05","modified_gmt":"2026-03-11T17:31:05","slug":"foco-p-pladour-10w-redondo-fixo-2700k-850lm-aroo85x95-furoo85-abas-145-aluminio","status":"publish","type":"product","link":"https:\/\/solucoesled.com\/shop\/product\/foco-p-pladour-10w-redondo-fixo-2700k-850lm-aroo85x95-furoo85-abas-145-aluminio\/","title":{"rendered":"Foco P\\ Pladur 10w Redondo Branco Fixo  850lm &#8220;Aro&#8221;\u00d885&#215;95 Furo\u00d885 Abas 145 Alum\u00ednio"},"content":{"rendered":"","protected":false},"excerpt":{"rendered":"","protected":false},"featured_media":20820,"template":"","meta":[],"product_cat":[340,1778,38],"product_tag":[],"acf":[],"_links":{"self":[{"href":"https:\/\/solucoesled.com\/shop\/wp-json\/wp\/v2\/product\/20815"}],"collection":[{"href":"https:\/\/solucoesled.com\/shop\/wp-json\/wp\/v2\/product"}],"about":[{"href":"https:\/\/solucoesled.com\/shop\/wp-json\/wp\/v2\/types\/product"}],"wp:featuredmedia":[{"embeddable":true,"href":"https:\/\/solucoesled.com\/shop\/wp-json\/wp\/v2\/media\/20820"}],"wp:attachment":[{"href":"https:\/\/solucoesled.com\/shop\/wp-json\/wp\/v2\/media?parent=20815"}],"wp:term":[{"taxonomy":"product_cat","embeddable":true,"href":"https:\/\/solucoesled.com\/shop\/wp-json\/wp\/v2\/product_cat?post=20815"},{"taxonomy":"product_tag","embeddable":true,"href":"https:\/\/solucoesled.com\/shop\/wp-json\/wp\/v2\/product_tag?post=20815"}],"curies":[{"name":"wp","href":"https:\/\/api.w.org\/{rel}","templated":true}]}}