{"id":20747,"date":"2026-02-09T14:11:31","date_gmt":"2026-02-09T14:11:31","guid":{"rendered":"https:\/\/solucoesled.com\/shop\/?post_type=product&#038;p=20747"},"modified":"2026-02-09T14:53:55","modified_gmt":"2026-02-09T14:53:55","slug":"suspensao-1xe27-castanho-ip44-o240x1metroreg-aluminio-vidro","status":"publish","type":"product","link":"https:\/\/solucoesled.com\/shop\/product\/suspensao-1xe27-castanho-ip44-o240x1metroreg-aluminio-vidro\/","title":{"rendered":"Suspens\u00e3o  1xE27  Castanho  IP44 \u00d8240x1Metro(Reg) Alum\u00ednio + Vidro"},"content":{"rendered":"","protected":false},"excerpt":{"rendered":"<h3 style=\"color: #3ea8f4;\">REF. JH73922*H CA<\/h3>\n<p><\/br><\/p>\n","protected":false},"featured_media":20748,"template":"","meta":[],"product_cat":[2340],"product_tag":[],"acf":[],"_links":{"self":[{"href":"https:\/\/solucoesled.com\/shop\/wp-json\/wp\/v2\/product\/20747"}],"collection":[{"href":"https:\/\/solucoesled.com\/shop\/wp-json\/wp\/v2\/product"}],"about":[{"href":"https:\/\/solucoesled.com\/shop\/wp-json\/wp\/v2\/types\/product"}],"wp:featuredmedia":[{"embeddable":true,"href":"https:\/\/solucoesled.com\/shop\/wp-json\/wp\/v2\/media\/20748"}],"wp:attachment":[{"href":"https:\/\/solucoesled.com\/shop\/wp-json\/wp\/v2\/media?parent=20747"}],"wp:term":[{"taxonomy":"product_cat","embeddable":true,"href":"https:\/\/solucoesled.com\/shop\/wp-json\/wp\/v2\/product_cat?post=20747"},{"taxonomy":"product_tag","embeddable":true,"href":"https:\/\/solucoesled.com\/shop\/wp-json\/wp\/v2\/product_tag?post=20747"}],"curies":[{"name":"wp","href":"https:\/\/api.w.org\/{rel}","templated":true}]}}