{"id":20743,"date":"2026-02-09T12:51:41","date_gmt":"2026-02-09T12:51:41","guid":{"rendered":"https:\/\/solucoesled.com\/shop\/?post_type=product&#038;p=20743"},"modified":"2026-02-25T17:00:01","modified_gmt":"2026-02-25T17:00:01","slug":"suspensao-1xe27-antracite-ip44-o300x870reg-aluminio-vidro","status":"publish","type":"product","link":"https:\/\/solucoesled.com\/shop\/product\/suspensao-1xe27-antracite-ip44-o300x870reg-aluminio-vidro\/","title":{"rendered":"Suspens\u00e3o  1xE27  Antracite  IP44 \u00d8300&#215;870(Reg) Alum\u00ednio + Vidro"},"content":{"rendered":"","protected":false},"excerpt":{"rendered":"<h3 style=\"color: #3ea8f4\">REF. 110180155<\/h3>\n<p><\/br><\/p>\n","protected":false},"featured_media":20744,"template":"","meta":[],"product_cat":[2340],"product_tag":[],"acf":[],"_links":{"self":[{"href":"https:\/\/solucoesled.com\/shop\/wp-json\/wp\/v2\/product\/20743"}],"collection":[{"href":"https:\/\/solucoesled.com\/shop\/wp-json\/wp\/v2\/product"}],"about":[{"href":"https:\/\/solucoesled.com\/shop\/wp-json\/wp\/v2\/types\/product"}],"wp:featuredmedia":[{"embeddable":true,"href":"https:\/\/solucoesled.com\/shop\/wp-json\/wp\/v2\/media\/20744"}],"wp:attachment":[{"href":"https:\/\/solucoesled.com\/shop\/wp-json\/wp\/v2\/media?parent=20743"}],"wp:term":[{"taxonomy":"product_cat","embeddable":true,"href":"https:\/\/solucoesled.com\/shop\/wp-json\/wp\/v2\/product_cat?post=20743"},{"taxonomy":"product_tag","embeddable":true,"href":"https:\/\/solucoesled.com\/shop\/wp-json\/wp\/v2\/product_tag?post=20743"}],"curies":[{"name":"wp","href":"https:\/\/api.w.org\/{rel}","templated":true}]}}