{"id":20735,"date":"2026-02-09T12:06:05","date_gmt":"2026-02-09T12:06:05","guid":{"rendered":"https:\/\/solucoesled.com\/shop\/?post_type=product&#038;p=20735"},"modified":"2026-02-25T17:00:02","modified_gmt":"2026-02-25T17:00:02","slug":"aplique-chao-3xe27-antracite-ip44-o50cmx177metro-aluminiopc","status":"publish","type":"product","link":"https:\/\/solucoesled.com\/shop\/product\/aplique-chao-3xe27-antracite-ip44-o50cmx177metro-aluminiopc\/","title":{"rendered":"Aplique Ch\u00e3o 3xE27 Antracite IP44 \u00d850cmx1,77Metro Alum\u00ednio+PC"},"content":{"rendered":"","protected":false},"excerpt":{"rendered":"<h3 style=\"color: #3ea8f4\">REF. 110040355<\/h3>\n<p><\/br><\/p>\n","protected":false},"featured_media":20736,"template":"","meta":[],"product_cat":[2121,1946],"product_tag":[],"acf":[],"_links":{"self":[{"href":"https:\/\/solucoesled.com\/shop\/wp-json\/wp\/v2\/product\/20735"}],"collection":[{"href":"https:\/\/solucoesled.com\/shop\/wp-json\/wp\/v2\/product"}],"about":[{"href":"https:\/\/solucoesled.com\/shop\/wp-json\/wp\/v2\/types\/product"}],"wp:featuredmedia":[{"embeddable":true,"href":"https:\/\/solucoesled.com\/shop\/wp-json\/wp\/v2\/media\/20736"}],"wp:attachment":[{"href":"https:\/\/solucoesled.com\/shop\/wp-json\/wp\/v2\/media?parent=20735"}],"wp:term":[{"taxonomy":"product_cat","embeddable":true,"href":"https:\/\/solucoesled.com\/shop\/wp-json\/wp\/v2\/product_cat?post=20735"},{"taxonomy":"product_tag","embeddable":true,"href":"https:\/\/solucoesled.com\/shop\/wp-json\/wp\/v2\/product_tag?post=20735"}],"curies":[{"name":"wp","href":"https:\/\/api.w.org\/{rel}","templated":true}]}}