{"id":20676,"date":"2026-02-06T16:30:27","date_gmt":"2026-02-06T16:30:27","guid":{"rendered":"https:\/\/solucoesled.com\/shop\/?post_type=product&#038;p=20676"},"modified":"2026-02-25T17:00:35","modified_gmt":"2026-02-25T17:00:35","slug":"aplique-chao-7w-340lm-6500k-antracite-ip44-o100x140-aluminio-policarbonato-pc","status":"publish","type":"product","link":"https:\/\/solucoesled.com\/shop\/product\/aplique-chao-7w-340lm-6500k-antracite-ip44-o100x140-aluminio-policarbonato-pc\/","title":{"rendered":"Aplique Ch\u00e3o 7w 340lm 6500k antracite IP44 \u00d8100&#215;140 Alum\u00ednio + Policarbonato (PC)"},"content":{"rendered":"","protected":false},"excerpt":{"rendered":"<h3 style=\"color: #3ea8f4\">REF. A19261455S<\/h3>\n<p><\/br><\/p>\n","protected":false},"featured_media":20677,"template":"","meta":[],"product_cat":[2121,1946],"product_tag":[],"acf":[],"_links":{"self":[{"href":"https:\/\/solucoesled.com\/shop\/wp-json\/wp\/v2\/product\/20676"}],"collection":[{"href":"https:\/\/solucoesled.com\/shop\/wp-json\/wp\/v2\/product"}],"about":[{"href":"https:\/\/solucoesled.com\/shop\/wp-json\/wp\/v2\/types\/product"}],"wp:featuredmedia":[{"embeddable":true,"href":"https:\/\/solucoesled.com\/shop\/wp-json\/wp\/v2\/media\/20677"}],"wp:attachment":[{"href":"https:\/\/solucoesled.com\/shop\/wp-json\/wp\/v2\/media?parent=20676"}],"wp:term":[{"taxonomy":"product_cat","embeddable":true,"href":"https:\/\/solucoesled.com\/shop\/wp-json\/wp\/v2\/product_cat?post=20676"},{"taxonomy":"product_tag","embeddable":true,"href":"https:\/\/solucoesled.com\/shop\/wp-json\/wp\/v2\/product_tag?post=20676"}],"curies":[{"name":"wp","href":"https:\/\/api.w.org\/{rel}","templated":true}]}}