{"id":20650,"date":"2026-02-06T14:52:58","date_gmt":"2026-02-06T14:52:58","guid":{"rendered":"https:\/\/solucoesled.com\/shop\/?post_type=product&#038;p=20650"},"modified":"2026-02-25T17:00:43","modified_gmt":"2026-02-25T17:00:43","slug":"aplique-chao-1xe27-preto-ip44-123x123x300-aluminioacrilico","status":"publish","type":"product","link":"https:\/\/solucoesled.com\/shop\/product\/aplique-chao-1xe27-preto-ip44-123x123x300-aluminioacrilico\/","title":{"rendered":"Aplique Ch\u00e3o 1xE27  Preto IP44 123x123x300 alum\u00ednio+Acr\u00edlico"},"content":{"rendered":"","protected":false},"excerpt":{"rendered":"<h3 style=\"color: #3ea8f4\">REF. 170070109<\/h3>\n<p><\/br><\/p>\n","protected":false},"featured_media":20651,"template":"","meta":[],"product_cat":[2121,1946],"product_tag":[],"acf":[],"_links":{"self":[{"href":"https:\/\/solucoesled.com\/shop\/wp-json\/wp\/v2\/product\/20650"}],"collection":[{"href":"https:\/\/solucoesled.com\/shop\/wp-json\/wp\/v2\/product"}],"about":[{"href":"https:\/\/solucoesled.com\/shop\/wp-json\/wp\/v2\/types\/product"}],"wp:featuredmedia":[{"embeddable":true,"href":"https:\/\/solucoesled.com\/shop\/wp-json\/wp\/v2\/media\/20651"}],"wp:attachment":[{"href":"https:\/\/solucoesled.com\/shop\/wp-json\/wp\/v2\/media?parent=20650"}],"wp:term":[{"taxonomy":"product_cat","embeddable":true,"href":"https:\/\/solucoesled.com\/shop\/wp-json\/wp\/v2\/product_cat?post=20650"},{"taxonomy":"product_tag","embeddable":true,"href":"https:\/\/solucoesled.com\/shop\/wp-json\/wp\/v2\/product_tag?post=20650"}],"curies":[{"name":"wp","href":"https:\/\/api.w.org\/{rel}","templated":true}]}}