{"id":20633,"date":"2026-02-06T14:20:38","date_gmt":"2026-02-06T14:20:38","guid":{"rendered":"https:\/\/solucoesled.com\/shop\/?post_type=product&#038;p=20633"},"modified":"2026-02-25T17:00:44","modified_gmt":"2026-02-25T17:00:44","slug":"suspencao-9w-4000k-900lm-cinzento-ip44-180x180x1280reg-aluminioacrilico","status":"publish","type":"product","link":"https:\/\/solucoesled.com\/shop\/product\/suspencao-9w-4000k-900lm-cinzento-ip44-180x180x1280reg-aluminioacrilico\/","title":{"rendered":"Suspen\u00e7\u00e3o 9w 4000k 900lm Cinzento IP44 180x180x1280(Reg) alum\u00ednio+Acr\u00edlico"},"content":{"rendered":"","protected":false},"excerpt":{"rendered":"<h3 style=\"color: #3ea8f4\">REF. A17050129B<\/h3>\n<p><\/br><\/p>\n","protected":false},"featured_media":20634,"template":"","meta":[],"product_cat":[2340],"product_tag":[],"acf":[],"_links":{"self":[{"href":"https:\/\/solucoesled.com\/shop\/wp-json\/wp\/v2\/product\/20633"}],"collection":[{"href":"https:\/\/solucoesled.com\/shop\/wp-json\/wp\/v2\/product"}],"about":[{"href":"https:\/\/solucoesled.com\/shop\/wp-json\/wp\/v2\/types\/product"}],"wp:featuredmedia":[{"embeddable":true,"href":"https:\/\/solucoesled.com\/shop\/wp-json\/wp\/v2\/media\/20634"}],"wp:attachment":[{"href":"https:\/\/solucoesled.com\/shop\/wp-json\/wp\/v2\/media?parent=20633"}],"wp:term":[{"taxonomy":"product_cat","embeddable":true,"href":"https:\/\/solucoesled.com\/shop\/wp-json\/wp\/v2\/product_cat?post=20633"},{"taxonomy":"product_tag","embeddable":true,"href":"https:\/\/solucoesled.com\/shop\/wp-json\/wp\/v2\/product_tag?post=20633"}],"curies":[{"name":"wp","href":"https:\/\/api.w.org\/{rel}","templated":true}]}}