{"id":20630,"date":"2026-02-06T14:13:34","date_gmt":"2026-02-06T14:13:34","guid":{"rendered":"https:\/\/solucoesled.com\/shop\/?post_type=product&#038;p=20630"},"modified":"2026-02-25T17:00:49","modified_gmt":"2026-02-25T17:00:49","slug":"aplique-chao-9w-4000k-900lm-cinzento-ip44-180x180x600-aluminioacrilico","status":"publish","type":"product","link":"https:\/\/solucoesled.com\/shop\/product\/aplique-chao-9w-4000k-900lm-cinzento-ip44-180x180x600-aluminioacrilico\/","title":{"rendered":"Aplique Ch\u00e3o 9w 4000k 900lm Cinzento IP44 180x180x600 alum\u00ednio+Acr\u00edlico"},"content":{"rendered":"","protected":false},"excerpt":{"rendered":"<h3 style=\"color: #3ea8f4\">REF. A17070229B<\/h3>\n<p><\/br><\/p>\n","protected":false},"featured_media":20631,"template":"","meta":[],"product_cat":[2121,1946],"product_tag":[],"acf":[],"_links":{"self":[{"href":"https:\/\/solucoesled.com\/shop\/wp-json\/wp\/v2\/product\/20630"}],"collection":[{"href":"https:\/\/solucoesled.com\/shop\/wp-json\/wp\/v2\/product"}],"about":[{"href":"https:\/\/solucoesled.com\/shop\/wp-json\/wp\/v2\/types\/product"}],"wp:featuredmedia":[{"embeddable":true,"href":"https:\/\/solucoesled.com\/shop\/wp-json\/wp\/v2\/media\/20631"}],"wp:attachment":[{"href":"https:\/\/solucoesled.com\/shop\/wp-json\/wp\/v2\/media?parent=20630"}],"wp:term":[{"taxonomy":"product_cat","embeddable":true,"href":"https:\/\/solucoesled.com\/shop\/wp-json\/wp\/v2\/product_cat?post=20630"},{"taxonomy":"product_tag","embeddable":true,"href":"https:\/\/solucoesled.com\/shop\/wp-json\/wp\/v2\/product_tag?post=20630"}],"curies":[{"name":"wp","href":"https:\/\/api.w.org\/{rel}","templated":true}]}}