{"id":19900,"date":"2025-12-23T15:30:44","date_gmt":"2025-12-23T15:30:44","guid":{"rendered":"https:\/\/solucoesled.com\/shop\/?post_type=product&#038;p=19900"},"modified":"2026-02-26T14:38:52","modified_gmt":"2026-02-26T14:38:52","slug":"downlight-redondo-branco-led-embutir-60w-ip65-gxtronic-42w-48w-54w-60w-120lm-w-cct-cri92-o-229-mm-x-h-110-mm","status":"publish","type":"product","link":"https:\/\/solucoesled.com\/shop\/product\/downlight-redondo-branco-led-embutir-60w-ip65-gxtronic-42w-48w-54w-60w-120lm-w-cct-cri92-o-229-mm-x-h-110-mm\/","title":{"rendered":"Downlight Redondo Branco LED Embutir 60W IP65 Gxtronic (42W, 48W, 54W, 60W) 120Lm\/w CCT CRI+92 \u00d8 229 mm x H 110 mm"},"content":{"rendered":"","protected":false},"excerpt":{"rendered":"<h3>REF. 91391<\/h3>\n<p>O Downlight Redondo Branco LED\u00e9 uma solu\u00e7\u00e3o de ilumina\u00e7\u00e3o profissional que alia pot\u00eancia regul\u00e1vel, elevada efici\u00eancia e excelente qualidade de luz. Com 3 temperaturas de cor selecion\u00e1veis <strong>(3CCT), CRI+92 e prote\u00e7\u00e3o IP65<\/strong>, adapta-se facilmente a diferentes ambientes interiores e exteriores cobertos.<\/p>\n<p>O seu design elegante, instala\u00e7\u00e3o embutida e aro intercambi\u00e1vel fazem deste downlight uma escolha vers\u00e1til e fi\u00e1vel para projetos residenciais e comerciais exigentes.<\/p>\n<p><iframe loading=\"lazy\" width=\"560\" height=\"315\" src=\"https:\/\/youtube.com\/embed\/b2Teeeax0sc\" title=\"YouTube video player\" frameborder=\"0\" allow=\"accelerometer; autoplay; clipboard-write; encrypted-media; gyroscope; picture-in-picture; web-share\" referrerpolicy=\"strict-origin-when-cross-origin\" allowfullscreen><\/iframe><\/p>\n","protected":false},"featured_media":19901,"template":"","meta":[],"product_cat":[347,1778,38],"product_tag":[329,1349],"acf":[],"_links":{"self":[{"href":"https:\/\/solucoesled.com\/shop\/wp-json\/wp\/v2\/product\/19900"}],"collection":[{"href":"https:\/\/solucoesled.com\/shop\/wp-json\/wp\/v2\/product"}],"about":[{"href":"https:\/\/solucoesled.com\/shop\/wp-json\/wp\/v2\/types\/product"}],"wp:featuredmedia":[{"embeddable":true,"href":"https:\/\/solucoesled.com\/shop\/wp-json\/wp\/v2\/media\/19901"}],"wp:attachment":[{"href":"https:\/\/solucoesled.com\/shop\/wp-json\/wp\/v2\/media?parent=19900"}],"wp:term":[{"taxonomy":"product_cat","embeddable":true,"href":"https:\/\/solucoesled.com\/shop\/wp-json\/wp\/v2\/product_cat?post=19900"},{"taxonomy":"product_tag","embeddable":true,"href":"https:\/\/solucoesled.com\/shop\/wp-json\/wp\/v2\/product_tag?post=19900"}],"curies":[{"name":"wp","href":"https:\/\/api.w.org\/{rel}","templated":true}]}}