{"id":19803,"date":"2025-12-12T16:29:58","date_gmt":"2025-12-12T16:29:58","guid":{"rendered":"https:\/\/solucoesled.com\/shop\/?post_type=product&#038;p=19803"},"modified":"2026-02-25T17:03:57","modified_gmt":"2026-02-25T17:03:57","slug":"candeeiro-betao-cinza-e14","status":"publish","type":"product","link":"https:\/\/solucoesled.com\/shop\/product\/candeeiro-betao-cinza-e14\/","title":{"rendered":"Candeeiro Bet\u00e3o Cinza E14"},"content":{"rendered":"","protected":false},"excerpt":{"rendered":"<h2 style=\"color: #3ea8f4\">REF. 91111<\/h2>\n<p>Equipado com casquilho E14, permite a utiliza\u00e7\u00e3o de l\u00e2mpadas LED, garantindo efici\u00eancia energ\u00e9tica e uma luz quente e agrad\u00e1vel. O cabo de suspens\u00e3o ajust\u00e1vel at\u00e9 145 cm possibilita regular a altura conforme o espa\u00e7o, podendo ser utilizado individualmente ou em conjunto com v\u00e1rios candeeiros. \u00c9 uma op\u00e7\u00e3o vers\u00e1til e dur\u00e1vel para cozinhas, salas, escrit\u00f3rios, restaurantes, bares ou cafetarias. L\u00e2mpada n\u00e3o inclu\u00edda. (L\u00e2mpada n\u00e3o inclu\u00edda.)<\/p>\n","protected":false},"featured_media":19804,"template":"","meta":[],"product_cat":[2340],"product_tag":[],"acf":[],"_links":{"self":[{"href":"https:\/\/solucoesled.com\/shop\/wp-json\/wp\/v2\/product\/19803"}],"collection":[{"href":"https:\/\/solucoesled.com\/shop\/wp-json\/wp\/v2\/product"}],"about":[{"href":"https:\/\/solucoesled.com\/shop\/wp-json\/wp\/v2\/types\/product"}],"wp:featuredmedia":[{"embeddable":true,"href":"https:\/\/solucoesled.com\/shop\/wp-json\/wp\/v2\/media\/19804"}],"wp:attachment":[{"href":"https:\/\/solucoesled.com\/shop\/wp-json\/wp\/v2\/media?parent=19803"}],"wp:term":[{"taxonomy":"product_cat","embeddable":true,"href":"https:\/\/solucoesled.com\/shop\/wp-json\/wp\/v2\/product_cat?post=19803"},{"taxonomy":"product_tag","embeddable":true,"href":"https:\/\/solucoesled.com\/shop\/wp-json\/wp\/v2\/product_tag?post=19803"}],"curies":[{"name":"wp","href":"https:\/\/api.w.org\/{rel}","templated":true}]}}