{"id":19759,"date":"2025-12-04T16:36:36","date_gmt":"2025-12-04T16:36:36","guid":{"rendered":"https:\/\/solucoesled.com\/shop\/?post_type=product&#038;p=19759"},"modified":"2026-03-03T17:38:55","modified_gmt":"2026-03-03T17:38:55","slug":"aplique-de-parede-led-10w-ambient-light-rgb-digital-comando-infravermelhos-app-150cm","status":"publish","type":"product","link":"https:\/\/solucoesled.com\/shop\/product\/aplique-de-parede-led-10w-ambient-light-rgb-digital-comando-infravermelhos-app-150cm\/","title":{"rendered":"Aplique de Parede LED 10W &#8211; Ambient Light &#8211; RGB DIGITAL + Comando Infravermelhos + App &#8211; 150cm"},"content":{"rendered":"","protected":false},"excerpt":{"rendered":"<h2 style=\"color:#3ea8f4\">REF. 92133<\/h2>\n<p><b>O Aplique de Parede LED RGB Digital 10W (150 cm) transforma qualquer divis\u00e3o com ilumina\u00e7\u00e3o moderna, colorida e totalmente personaliz\u00e1vel. Com milh\u00f5es de tonalidades e m\u00faltiplos efeitos, adapta-se a qualquer ambiente \u2014 desde relaxar no quarto at\u00e9 criar um visual vibrante na sala ou na zona de jogos. O controlo \u00e9 super vers\u00e1til gra\u00e7as ao bot\u00e3o integrado, comando remoto, sincroniza\u00e7\u00e3o musical e APP Bluetooth. O design minimalista ocupa pouco espa\u00e7o e integra-se facilmente em qualquer decora\u00e7\u00e3o. Instala-se em minutos e oferece uma ilumina\u00e7\u00e3o decorativa que d\u00e1 um toque \u00fanico e inteligente ao seu lar.<\/p>\n<\/p>\n<p><iframe loading=\"lazy\" width=\"560\" height=\"315\" src=\"https:\/\/youtube.com\/embed\/LjJBIJ6mso8\" title=\"YouTube video player\" frameborder=\"0\" allow=\"accelerometer; autoplay; clipboard-write; encrypted-media; gyroscope; picture-in-picture; web-share\" referrerpolicy=\"strict-origin-when-cross-origin\" allowfullscreen><\/iframe><\/p>\n","protected":false},"featured_media":19772,"template":"","meta":[],"product_cat":[2340],"product_tag":[],"acf":[],"_links":{"self":[{"href":"https:\/\/solucoesled.com\/shop\/wp-json\/wp\/v2\/product\/19759"}],"collection":[{"href":"https:\/\/solucoesled.com\/shop\/wp-json\/wp\/v2\/product"}],"about":[{"href":"https:\/\/solucoesled.com\/shop\/wp-json\/wp\/v2\/types\/product"}],"wp:featuredmedia":[{"embeddable":true,"href":"https:\/\/solucoesled.com\/shop\/wp-json\/wp\/v2\/media\/19772"}],"wp:attachment":[{"href":"https:\/\/solucoesled.com\/shop\/wp-json\/wp\/v2\/media?parent=19759"}],"wp:term":[{"taxonomy":"product_cat","embeddable":true,"href":"https:\/\/solucoesled.com\/shop\/wp-json\/wp\/v2\/product_cat?post=19759"},{"taxonomy":"product_tag","embeddable":true,"href":"https:\/\/solucoesled.com\/shop\/wp-json\/wp\/v2\/product_tag?post=19759"}],"curies":[{"name":"wp","href":"https:\/\/api.w.org\/{rel}","templated":true}]}}