{"id":19650,"date":"2025-12-04T12:18:19","date_gmt":"2025-12-04T12:18:19","guid":{"rendered":"https:\/\/solucoesled.com\/shop\/?post_type=product&#038;p=19650"},"modified":"2026-02-25T17:04:11","modified_gmt":"2026-02-25T17:04:11","slug":"candeeiro-de-teto-suspensao-e27-preto","status":"publish","type":"product","link":"https:\/\/solucoesled.com\/shop\/product\/candeeiro-de-teto-suspensao-e27-preto\/","title":{"rendered":"Candeeiro de Teto Suspens\u00e3o E27"},"content":{"rendered":"","protected":false},"excerpt":{"rendered":"<h2 style=\"color:#3ea8f4\">REF. 91207<\/h2>\n<p><b>O Candeeiro de Teto Suspens\u00e3o LED E27 combina design moderno com o charme natural do vime, trazendo personalidade e eleg\u00e2ncia a qualquer divis\u00e3o da sua casa.<\/p>\n<p>O seu estilo minimalista integra-se facilmente em salas de jantar, quartos, cozinhas ou \u00e1reas de trabalho, criando uma ilumina\u00e7\u00e3o quente e acolhedora. O cabo ajust\u00e1vel permite adaptar a altura at\u00e9 120 cm, garantindo versatilidade total na instala\u00e7\u00e3o.<\/p>\n<p>Compat\u00edvel com qualquer l\u00e2mpada LED E27, oferece liberdade para escolher a cor e intensidade que mais combina consigo. Simples de instalar e visualmente marcante, \u00e9 a pe\u00e7a ideal para renovar a decora\u00e7\u00e3o com estilo e conforto. (L\u00e2mpada n\u00e3o inclu\u00edda.)<\/p>\n","protected":false},"featured_media":19666,"template":"","meta":[],"product_cat":[2340],"product_tag":[],"acf":[],"_links":{"self":[{"href":"https:\/\/solucoesled.com\/shop\/wp-json\/wp\/v2\/product\/19650"}],"collection":[{"href":"https:\/\/solucoesled.com\/shop\/wp-json\/wp\/v2\/product"}],"about":[{"href":"https:\/\/solucoesled.com\/shop\/wp-json\/wp\/v2\/types\/product"}],"wp:featuredmedia":[{"embeddable":true,"href":"https:\/\/solucoesled.com\/shop\/wp-json\/wp\/v2\/media\/19666"}],"wp:attachment":[{"href":"https:\/\/solucoesled.com\/shop\/wp-json\/wp\/v2\/media?parent=19650"}],"wp:term":[{"taxonomy":"product_cat","embeddable":true,"href":"https:\/\/solucoesled.com\/shop\/wp-json\/wp\/v2\/product_cat?post=19650"},{"taxonomy":"product_tag","embeddable":true,"href":"https:\/\/solucoesled.com\/shop\/wp-json\/wp\/v2\/product_tag?post=19650"}],"curies":[{"name":"wp","href":"https:\/\/api.w.org\/{rel}","templated":true}]}}