{"id":19539,"date":"2025-10-22T18:02:15","date_gmt":"2025-10-22T17:02:15","guid":{"rendered":"https:\/\/solucoesled.com\/shop\/?post_type=product&#038;p=19539"},"modified":"2026-02-25T17:04:44","modified_gmt":"2026-02-25T17:04:44","slug":"pack-10-calha-aluminio-saliente-l17mm-x-a7mm-x-i13mm-x-2m-inclui-40-topos-e-40-abracadeiras-fixacao","status":"publish","type":"product","link":"https:\/\/solucoesled.com\/shop\/product\/pack-10-calha-aluminio-saliente-l17mm-x-a7mm-x-i13mm-x-2m-inclui-40-topos-e-40-abracadeiras-fixacao\/","title":{"rendered":"Pack 10 Calha Alum\u00ednio Saliente (L)17mm x (A)7mm x (I)13mm x 2M &#8211; Inclui 40 topos e 40 Abra\u00e7adeiras Fixa\u00e7\u00e3o"},"content":{"rendered":"","protected":false},"excerpt":{"rendered":"<h3>REF. 006743<\/h3>\n<p><b>Vendido ao<\/b>: Pack 10 uni<br \/>\nInclui 40 topos e 40 Abra\u00e7adeiras Fixa\u00e7\u00e3o<\/p>\n","protected":false},"featured_media":7428,"template":"","meta":[],"product_cat":[1008],"product_tag":[1143],"acf":[],"_links":{"self":[{"href":"https:\/\/solucoesled.com\/shop\/wp-json\/wp\/v2\/product\/19539"}],"collection":[{"href":"https:\/\/solucoesled.com\/shop\/wp-json\/wp\/v2\/product"}],"about":[{"href":"https:\/\/solucoesled.com\/shop\/wp-json\/wp\/v2\/types\/product"}],"wp:featuredmedia":[{"embeddable":true,"href":"https:\/\/solucoesled.com\/shop\/wp-json\/wp\/v2\/media\/7428"}],"wp:attachment":[{"href":"https:\/\/solucoesled.com\/shop\/wp-json\/wp\/v2\/media?parent=19539"}],"wp:term":[{"taxonomy":"product_cat","embeddable":true,"href":"https:\/\/solucoesled.com\/shop\/wp-json\/wp\/v2\/product_cat?post=19539"},{"taxonomy":"product_tag","embeddable":true,"href":"https:\/\/solucoesled.com\/shop\/wp-json\/wp\/v2\/product_tag?post=19539"}],"curies":[{"name":"wp","href":"https:\/\/api.w.org\/{rel}","templated":true}]}}