{"id":19536,"date":"2025-10-22T17:41:12","date_gmt":"2025-10-22T16:41:12","guid":{"rendered":"https:\/\/solucoesled.com\/shop\/?post_type=product&#038;p=19536"},"modified":"2026-02-25T17:04:47","modified_gmt":"2026-02-25T17:04:47","slug":"uniao-central-monofasica-preto-para-calha-monofasica-2","status":"publish","type":"product","link":"https:\/\/solucoesled.com\/shop\/product\/uniao-central-monofasica-preto-para-calha-monofasica-2\/","title":{"rendered":"Uni\u00e3o Central Monof\u00e1sica Preto para Calha Monof\u00e1sica"},"content":{"rendered":"","protected":false},"excerpt":{"rendered":"<h3>REF. 006781<\/h3>\n","protected":false},"featured_media":19537,"template":"","meta":[],"product_cat":[1634,1442],"product_tag":[1642],"acf":[],"_links":{"self":[{"href":"https:\/\/solucoesled.com\/shop\/wp-json\/wp\/v2\/product\/19536"}],"collection":[{"href":"https:\/\/solucoesled.com\/shop\/wp-json\/wp\/v2\/product"}],"about":[{"href":"https:\/\/solucoesled.com\/shop\/wp-json\/wp\/v2\/types\/product"}],"wp:featuredmedia":[{"embeddable":true,"href":"https:\/\/solucoesled.com\/shop\/wp-json\/wp\/v2\/media\/19537"}],"wp:attachment":[{"href":"https:\/\/solucoesled.com\/shop\/wp-json\/wp\/v2\/media?parent=19536"}],"wp:term":[{"taxonomy":"product_cat","embeddable":true,"href":"https:\/\/solucoesled.com\/shop\/wp-json\/wp\/v2\/product_cat?post=19536"},{"taxonomy":"product_tag","embeddable":true,"href":"https:\/\/solucoesled.com\/shop\/wp-json\/wp\/v2\/product_tag?post=19536"}],"curies":[{"name":"wp","href":"https:\/\/api.w.org\/{rel}","templated":true}]}}