{"id":19391,"date":"2025-07-08T17:28:11","date_gmt":"2025-07-08T16:28:11","guid":{"rendered":"https:\/\/solucoesled.com\/shop\/?post_type=product&#038;p=19391"},"modified":"2026-02-25T17:04:56","modified_gmt":"2026-02-25T17:04:56","slug":"sensor-presenca-microondas-encastrar-tecto-360o-ip54","status":"publish","type":"product","link":"https:\/\/solucoesled.com\/shop\/product\/sensor-presenca-microondas-encastrar-tecto-360o-ip54\/","title":{"rendered":"Sensor Presen\u00e7a Microondas Encastrar Tecto 360\u00ba IP54"},"content":{"rendered":"","protected":false},"excerpt":{"rendered":"<h2 style=\"color:#3ea8f4\">REF. S01075301<\/h2>\n<p>velocidade de detec\u00e7\u00e3o 0.6-1.5m\/s<br \/>\naltura de instala\u00e7\u00e3o de 2-4m<br \/>\nsensor de luz do dia ajust\u00e1vel entre &lt;3-2000lux<br \/>\ntempo de atraso 10seg.\u00b13seg. a 12min.\u00b11min.(regul\u00e1vel)<br \/>\nAdequado para cargas m\u00e1ximas com l\u00e2mpadas incandescentes de 1200W (220-240VAC) e l\u00e2mpadas LED\/economizadoras de 600W (220-240VAC).<br \/>\nO sensor de micro-ondas, com um funcionamento semelhante a um radar ou sonar, pode detectar movimento atrav\u00e9s de madeira, pl\u00e1stico, vidro e a maioria dos outros materiais de constru\u00e7\u00e3o, exceto metal.<br \/>\nEste sensor vai al\u00e9m da simples detec\u00e7\u00e3o de movimento pois detecta a presen\u00e7a de pessoas mesmo que estejam im\u00f3veis. Isto significa que, com tecnologia avan\u00e7ada, ele identifica a presen\u00e7a real de pessoas no ambiente \u2014 mesmo que estejam paradas ou em repouso. Ideal para garantir conforto, efici\u00eancia energ\u00e9tica e automa\u00e7\u00e3o inteligente, sem interrup\u00e7\u00f5es da luz indesejadas.<\/p>\n","protected":false},"featured_media":19389,"template":"","meta":[],"product_cat":[1822,1819],"product_tag":[1858],"acf":[],"_links":{"self":[{"href":"https:\/\/solucoesled.com\/shop\/wp-json\/wp\/v2\/product\/19391"}],"collection":[{"href":"https:\/\/solucoesled.com\/shop\/wp-json\/wp\/v2\/product"}],"about":[{"href":"https:\/\/solucoesled.com\/shop\/wp-json\/wp\/v2\/types\/product"}],"wp:featuredmedia":[{"embeddable":true,"href":"https:\/\/solucoesled.com\/shop\/wp-json\/wp\/v2\/media\/19389"}],"wp:attachment":[{"href":"https:\/\/solucoesled.com\/shop\/wp-json\/wp\/v2\/media?parent=19391"}],"wp:term":[{"taxonomy":"product_cat","embeddable":true,"href":"https:\/\/solucoesled.com\/shop\/wp-json\/wp\/v2\/product_cat?post=19391"},{"taxonomy":"product_tag","embeddable":true,"href":"https:\/\/solucoesled.com\/shop\/wp-json\/wp\/v2\/product_tag?post=19391"}],"curies":[{"name":"wp","href":"https:\/\/api.w.org\/{rel}","templated":true}]}}