{"id":19379,"date":"2025-07-08T16:31:07","date_gmt":"2025-07-08T15:31:07","guid":{"rendered":"https:\/\/solucoesled.com\/shop\/?post_type=product&#038;p=19379"},"modified":"2026-02-25T17:05:00","modified_gmt":"2026-02-25T17:05:00","slug":"sensor-de-movimento-infravermelhos-360o-ip20","status":"publish","type":"product","link":"https:\/\/solucoesled.com\/shop\/product\/sensor-de-movimento-infravermelhos-360o-ip20\/","title":{"rendered":"Sensor de movimento InfraVermelhos 360\u00ba IP20"},"content":{"rendered":"","protected":false},"excerpt":{"rendered":"<h2 style=\"color:#3ea8f4\">REF. S00146X01<\/h2>\n<p>velocidade de detec\u00e7\u00e3o 0.6-1.5m\/s<br \/>\ntempo de atraso 10seg.\u00b1 3seg. a 30min.\u00b12min.(regul\u00e1vel)<br \/>\naltura de instala\u00e7\u00e3o de 2.2-6m<br \/>\nn\u00edvel de luz ambiente de actua\u00e7\u00e3o regul\u00e1vel entre &lt;3-2000lux<br \/>\nAdequado para cargas m\u00e1ximas com l\u00e2mpadas incandescentes de 1200W (220-240VAC) e 800W (110-130VAC) e l\u00e2mpadas economizadoras de 300W (220-240VAC) e 200W (110-130VAC<\/p>\n","protected":false},"featured_media":19386,"template":"","meta":[],"product_cat":[1821,1819],"product_tag":[1858],"acf":[],"_links":{"self":[{"href":"https:\/\/solucoesled.com\/shop\/wp-json\/wp\/v2\/product\/19379"}],"collection":[{"href":"https:\/\/solucoesled.com\/shop\/wp-json\/wp\/v2\/product"}],"about":[{"href":"https:\/\/solucoesled.com\/shop\/wp-json\/wp\/v2\/types\/product"}],"wp:featuredmedia":[{"embeddable":true,"href":"https:\/\/solucoesled.com\/shop\/wp-json\/wp\/v2\/media\/19386"}],"wp:attachment":[{"href":"https:\/\/solucoesled.com\/shop\/wp-json\/wp\/v2\/media?parent=19379"}],"wp:term":[{"taxonomy":"product_cat","embeddable":true,"href":"https:\/\/solucoesled.com\/shop\/wp-json\/wp\/v2\/product_cat?post=19379"},{"taxonomy":"product_tag","embeddable":true,"href":"https:\/\/solucoesled.com\/shop\/wp-json\/wp\/v2\/product_tag?post=19379"}],"curies":[{"name":"wp","href":"https:\/\/api.w.org\/{rel}","templated":true}]}}