{"id":19110,"date":"2025-03-07T12:07:45","date_gmt":"2025-03-07T12:07:45","guid":{"rendered":"https:\/\/solucoesled.com\/shop\/?post_type=product&#038;p=19110"},"modified":"2026-03-09T22:00:13","modified_gmt":"2026-03-09T22:00:13","slug":"downlight-saliente-encastrar-saliente-18w-potencia-selecionavel-5-cct-cor-selecionavel","status":"publish","type":"product","link":"https:\/\/solucoesled.com\/shop\/product\/downlight-saliente-encastrar-saliente-18w-potencia-selecionavel-5-cct-cor-selecionavel\/","title":{"rendered":"Downlight Saliente\/Encastrar-Saliente 18w Pot\u00eancia Selecion\u00e1vel &#8211; 5 CCT Cor Selecion\u00e1vel"},"content":{"rendered":"","protected":false},"excerpt":{"rendered":"<p><strong>Ref.:<\/strong>91723<br \/>\n<strong>POSSIVEL MONTAGEM SALENTE OU UTILIZANDO FURO EXISTENTE<\/strong><br \/>\n<strong><u>Pot\u00eancia Seleccion\u00e1vel<\/u><\/strong>8\/6\/4\/2w<br \/>\n<strong><u>Temperatura de Cor Seleccion\u00e1vel<\/u><\/strong>2700k\/3000k\/4000k\/5000k\/6000k<br \/>\n<strong>Aro <\/strong>\u00d8228&#215;20<br \/>\n<strong>Furo <\/strong>\u00d8185<\/p>\n","protected":false},"featured_media":18576,"template":"","meta":[],"product_cat":[1687,222,1680],"product_tag":[171,172,2471],"acf":[],"_links":{"self":[{"href":"https:\/\/solucoesled.com\/shop\/wp-json\/wp\/v2\/product\/19110"}],"collection":[{"href":"https:\/\/solucoesled.com\/shop\/wp-json\/wp\/v2\/product"}],"about":[{"href":"https:\/\/solucoesled.com\/shop\/wp-json\/wp\/v2\/types\/product"}],"wp:featuredmedia":[{"embeddable":true,"href":"https:\/\/solucoesled.com\/shop\/wp-json\/wp\/v2\/media\/18576"}],"wp:attachment":[{"href":"https:\/\/solucoesled.com\/shop\/wp-json\/wp\/v2\/media?parent=19110"}],"wp:term":[{"taxonomy":"product_cat","embeddable":true,"href":"https:\/\/solucoesled.com\/shop\/wp-json\/wp\/v2\/product_cat?post=19110"},{"taxonomy":"product_tag","embeddable":true,"href":"https:\/\/solucoesled.com\/shop\/wp-json\/wp\/v2\/product_tag?post=19110"}],"curies":[{"name":"wp","href":"https:\/\/api.w.org\/{rel}","templated":true}]}}