{"id":18560,"date":"2024-12-12T14:43:22","date_gmt":"2024-12-12T14:43:22","guid":{"rendered":"https:\/\/solucoesled.com\/shop\/?post_type=product&#038;p=18560"},"modified":"2026-02-25T17:07:33","modified_gmt":"2026-02-25T17:07:33","slug":"projector-200-150-100w-preto-cct-ip66-140lm-w-chip-lumileds-vidro-anti-encadeamento-valvula-anti-condensacao","status":"publish","type":"product","link":"https:\/\/solucoesled.com\/shop\/product\/projector-200-150-100w-preto-cct-ip66-140lm-w-chip-lumileds-vidro-anti-encadeamento-valvula-anti-condensacao\/","title":{"rendered":"Projector 200\/150\/100w Preto CCT IP66 140Lm\/w Chip Lumileds Vidro Anti Encadeamento + V\u00e1lvula Anti Condensa\u00e7\u00e3o"},"content":{"rendered":"","protected":false},"excerpt":{"rendered":"<h3>REF. 329174<\/h3>\n<p>POT\u00caNCIA SELECCION\u00c1VEL : 200w \/ 150 \/ 100w<br \/>\nTemperatura de cor seleccion\u00e1vel 3000k \/ 4000k \/ 6000k<br \/>\nPreparado para usar sensor movimento: Ref.:393953 <\/p>\n","protected":false},"featured_media":18566,"template":"","meta":[],"product_cat":[1566],"product_tag":[2364,2365],"acf":[],"_links":{"self":[{"href":"https:\/\/solucoesled.com\/shop\/wp-json\/wp\/v2\/product\/18560"}],"collection":[{"href":"https:\/\/solucoesled.com\/shop\/wp-json\/wp\/v2\/product"}],"about":[{"href":"https:\/\/solucoesled.com\/shop\/wp-json\/wp\/v2\/types\/product"}],"wp:featuredmedia":[{"embeddable":true,"href":"https:\/\/solucoesled.com\/shop\/wp-json\/wp\/v2\/media\/18566"}],"wp:attachment":[{"href":"https:\/\/solucoesled.com\/shop\/wp-json\/wp\/v2\/media?parent=18560"}],"wp:term":[{"taxonomy":"product_cat","embeddable":true,"href":"https:\/\/solucoesled.com\/shop\/wp-json\/wp\/v2\/product_cat?post=18560"},{"taxonomy":"product_tag","embeddable":true,"href":"https:\/\/solucoesled.com\/shop\/wp-json\/wp\/v2\/product_tag?post=18560"}],"curies":[{"name":"wp","href":"https:\/\/api.w.org\/{rel}","templated":true}]}}