{"id":17856,"date":"2024-07-24T12:41:08","date_gmt":"2024-07-24T11:41:08","guid":{"rendered":"https:\/\/solucoesled.com\/shop\/?post_type=product&#038;p=17856"},"modified":"2026-03-05T11:22:36","modified_gmt":"2026-03-05T11:22:36","slug":"cruzeta-preta-de-aco-com-tres-bracos","status":"publish","type":"product","link":"https:\/\/solucoesled.com\/shop\/product\/cruzeta-preta-de-aco-com-tres-bracos\/","title":{"rendered":"Cruzeta Preta de A\u00e7o Com Tr\u00eas Bra\u00e7os"},"content":{"rendered":"","protected":false},"excerpt":{"rendered":"<h3>REF.: CRUCETA3B<\/h3>\n","protected":false},"featured_media":17857,"template":"","meta":[],"product_cat":[2218,705,2283],"product_tag":[2408],"acf":[],"_links":{"self":[{"href":"https:\/\/solucoesled.com\/shop\/wp-json\/wp\/v2\/product\/17856"}],"collection":[{"href":"https:\/\/solucoesled.com\/shop\/wp-json\/wp\/v2\/product"}],"about":[{"href":"https:\/\/solucoesled.com\/shop\/wp-json\/wp\/v2\/types\/product"}],"wp:featuredmedia":[{"embeddable":true,"href":"https:\/\/solucoesled.com\/shop\/wp-json\/wp\/v2\/media\/17857"}],"wp:attachment":[{"href":"https:\/\/solucoesled.com\/shop\/wp-json\/wp\/v2\/media?parent=17856"}],"wp:term":[{"taxonomy":"product_cat","embeddable":true,"href":"https:\/\/solucoesled.com\/shop\/wp-json\/wp\/v2\/product_cat?post=17856"},{"taxonomy":"product_tag","embeddable":true,"href":"https:\/\/solucoesled.com\/shop\/wp-json\/wp\/v2\/product_tag?post=17856"}],"curies":[{"name":"wp","href":"https:\/\/api.w.org\/{rel}","templated":true}]}}