{"id":17721,"date":"2024-06-11T10:23:55","date_gmt":"2024-06-11T09:23:55","guid":{"rendered":"https:\/\/solucoesled.com\/shop\/?post_type=product&#038;p=17721"},"modified":"2026-03-04T12:29:01","modified_gmt":"2026-03-04T12:29:01","slug":"armadura-led-1200mm-30w-ip65-3300lm-inter-conectavel","status":"publish","type":"product","link":"https:\/\/solucoesled.com\/shop\/product\/armadura-led-1200mm-30w-ip65-3300lm-inter-conectavel\/","title":{"rendered":"Armadura Led 120 \/ 150 cm 30 \/ 45w IP65 Inter-Conect\u00e1vel"},"content":{"rendered":"","protected":false},"excerpt":{"rendered":"<h5>Inclui acess\u00f3rios para liga\u00e7\u00e3o em Linha<\/h5>\n","protected":false},"featured_media":17727,"template":"","meta":[],"product_cat":[1590,100,1457,1458,53],"product_tag":[1587],"acf":[],"_links":{"self":[{"href":"https:\/\/solucoesled.com\/shop\/wp-json\/wp\/v2\/product\/17721"}],"collection":[{"href":"https:\/\/solucoesled.com\/shop\/wp-json\/wp\/v2\/product"}],"about":[{"href":"https:\/\/solucoesled.com\/shop\/wp-json\/wp\/v2\/types\/product"}],"wp:featuredmedia":[{"embeddable":true,"href":"https:\/\/solucoesled.com\/shop\/wp-json\/wp\/v2\/media\/17727"}],"wp:attachment":[{"href":"https:\/\/solucoesled.com\/shop\/wp-json\/wp\/v2\/media?parent=17721"}],"wp:term":[{"taxonomy":"product_cat","embeddable":true,"href":"https:\/\/solucoesled.com\/shop\/wp-json\/wp\/v2\/product_cat?post=17721"},{"taxonomy":"product_tag","embeddable":true,"href":"https:\/\/solucoesled.com\/shop\/wp-json\/wp\/v2\/product_tag?post=17721"}],"curies":[{"name":"wp","href":"https:\/\/api.w.org\/{rel}","templated":true}]}}