{"id":17026,"date":"2024-01-12T17:57:50","date_gmt":"2024-01-12T17:57:50","guid":{"rendered":"https:\/\/solucoesled.com\/shop\/?post_type=product&#038;p=17026"},"modified":"2026-02-25T17:11:52","modified_gmt":"2026-02-25T17:11:52","slug":"filtro-de-protecao-picos-de-corrente-ate-1000w-ip67","status":"publish","type":"product","link":"https:\/\/solucoesled.com\/shop\/product\/filtro-de-protecao-picos-de-corrente-ate-1000w-ip67\/","title":{"rendered":"Filtro de Prote\u00e7\u00e3o Picos de Corrente at\u00e9 1000w IP67"},"content":{"rendered":"","protected":false},"excerpt":{"rendered":"<h3>REF. 003841<\/h3>\n","protected":false},"featured_media":17028,"template":"","meta":[],"product_cat":[1564,1567,1712,25,1565,1569,1713,29,1571,31,32,1267],"product_tag":[1190],"acf":[],"_links":{"self":[{"href":"https:\/\/solucoesled.com\/shop\/wp-json\/wp\/v2\/product\/17026"}],"collection":[{"href":"https:\/\/solucoesled.com\/shop\/wp-json\/wp\/v2\/product"}],"about":[{"href":"https:\/\/solucoesled.com\/shop\/wp-json\/wp\/v2\/types\/product"}],"wp:featuredmedia":[{"embeddable":true,"href":"https:\/\/solucoesled.com\/shop\/wp-json\/wp\/v2\/media\/17028"}],"wp:attachment":[{"href":"https:\/\/solucoesled.com\/shop\/wp-json\/wp\/v2\/media?parent=17026"}],"wp:term":[{"taxonomy":"product_cat","embeddable":true,"href":"https:\/\/solucoesled.com\/shop\/wp-json\/wp\/v2\/product_cat?post=17026"},{"taxonomy":"product_tag","embeddable":true,"href":"https:\/\/solucoesled.com\/shop\/wp-json\/wp\/v2\/product_tag?post=17026"}],"curies":[{"name":"wp","href":"https:\/\/api.w.org\/{rel}","templated":true}]}}