{"id":13919,"date":"2022-07-21T15:10:52","date_gmt":"2022-07-21T14:10:52","guid":{"rendered":"https:\/\/solucoesled.com\/shop\/?post_type=product&#038;p=13919"},"modified":"2026-02-25T17:13:04","modified_gmt":"2026-02-25T17:13:04","slug":"temporizador-para-extrator","status":"publish","type":"product","link":"https:\/\/solucoesled.com\/shop\/product\/temporizador-para-extrator\/","title":{"rendered":"Temporizador para Extrator"},"content":{"rendered":"","protected":false},"excerpt":{"rendered":"<h2 style=\"color: #3ea8f4\">REF. 5019.4<\/h2>\n<p>Este temporizador para extractores de ar permite manter o extrator em funcionamento depois de desligar o interruptor do extrator pelo per\u00edodo de tempo escolhido (regul\u00e1vel de 40 segundos at\u00e9 5 minutos)<\/p>\n","protected":false},"featured_media":13920,"template":"","meta":[],"product_cat":[2327],"product_tag":[],"acf":[],"_links":{"self":[{"href":"https:\/\/solucoesled.com\/shop\/wp-json\/wp\/v2\/product\/13919"}],"collection":[{"href":"https:\/\/solucoesled.com\/shop\/wp-json\/wp\/v2\/product"}],"about":[{"href":"https:\/\/solucoesled.com\/shop\/wp-json\/wp\/v2\/types\/product"}],"wp:featuredmedia":[{"embeddable":true,"href":"https:\/\/solucoesled.com\/shop\/wp-json\/wp\/v2\/media\/13920"}],"wp:attachment":[{"href":"https:\/\/solucoesled.com\/shop\/wp-json\/wp\/v2\/media?parent=13919"}],"wp:term":[{"taxonomy":"product_cat","embeddable":true,"href":"https:\/\/solucoesled.com\/shop\/wp-json\/wp\/v2\/product_cat?post=13919"},{"taxonomy":"product_tag","embeddable":true,"href":"https:\/\/solucoesled.com\/shop\/wp-json\/wp\/v2\/product_tag?post=13919"}],"curies":[{"name":"wp","href":"https:\/\/api.w.org\/{rel}","templated":true}]}}