{"id":13465,"date":"2022-07-06T10:37:50","date_gmt":"2022-07-06T09:37:50","guid":{"rendered":"https:\/\/solucoesled.com\/shop\/?post_type=product&#038;p=13465"},"modified":"2026-02-25T18:14:20","modified_gmt":"2026-02-25T18:14:20","slug":"lampada-led-t8-cristal-120cms-20w-5700k-130lm-w-chip-osram-pack-10-unidades3-anos-garantia","status":"publish","type":"product","link":"https:\/\/solucoesled.com\/shop\/product\/lampada-led-t8-cristal-120cms-20w-5700k-130lm-w-chip-osram-pack-10-unidades3-anos-garantia\/","title":{"rendered":"L\u00e2mpada Led T8 Cristal 150cms 20w 4000k\/5700k 130Lm\/W CHIP OSRAM Pack 10 unidades<br>3 Anos Garantia"},"content":{"rendered":"","protected":false},"excerpt":{"rendered":"<p><strong>QUANTIDADE POR CAIXA: <u>10 UNIDADES<br \/>\n<\/u><\/strong>Vendido Apenas \u00e0 caixa<\/p>\n<p><strong>O TUBO LED SMD 2835 OSRAM CHIP 130 <\/strong>Lm\/W ALTA LUZ T8 de 120cm com 18W de pot\u00eancia \u00e9 uma solu\u00e7\u00e3o excelente e econ\u00f3mica para a substitui\u00e7\u00e3o dos tubos fluorescentes T8. A sua liga\u00e7\u00e3o directa \u00e0 fonte de alimenta\u00e7\u00e3o elimina o consumo remanescente de balastros, permitindo uma vida \u00fatil mais longa, requisitos de manuten\u00e7\u00e3o mais baixos, comuta\u00e7\u00e3o r\u00e1pida e um efeito sem cintila\u00e7\u00e3o. Inclui arranque com LED.<\/p>\n<p>Este tubo T8 tem uma \u00fanica liga\u00e7\u00e3o final, que \u00e9 impressa em serigrafia. Para optimizar o consumo de energia, o arrancador deve ser substitu\u00eddo e o lastro dos antigos tubos fluorescentes deve ser removido. Tem um d\u00edodo <strong>OSRAM CHIP SMD 2835<\/strong> de 130Lm\/W e um revestimento de vidro de alta transmiss\u00e3o de luz que permite uma distribui\u00e7\u00e3o uniforme. \u00c2ngulo de 300\u00ba.<\/p>\n<p>O seu funcionamento \u00e9 de 175-265V e tem um CRI superior a 80%. Cobertura opala que n\u00e3o produz brilho. Tem tamb\u00e9m protec\u00e7\u00e3o contra curto-circuitos e sobreaquecimento.<\/p>\n<p>Atinge uma maior poupan\u00e7a, evita a cintila\u00e7\u00e3o da luz quando a lumin\u00e1ria \u00e9 ligada e, assim, consegue uma ilumina\u00e7\u00e3o instant\u00e2nea com este tubo LED.<\/p>\n<p>Liga\u00e7\u00e3o: Fase e Neutro do Mesmo Lado<\/p>\n<p><strong>Usos do Tubo LED 18W Vidro 120cm 300\u00ba &#8211; ALTA LUZ &#8211; OSRAM CHIP<\/strong><\/p>\n<p>. Cozinhas<br \/>\n. Lojas<br \/>\n. Escrit\u00f3rios<br \/>\n. Garagens<\/p>\n","protected":false},"featured_media":15391,"template":"","meta":[],"product_cat":[129,1354,26],"product_tag":[2278],"acf":[],"_links":{"self":[{"href":"https:\/\/solucoesled.com\/shop\/wp-json\/wp\/v2\/product\/13465"}],"collection":[{"href":"https:\/\/solucoesled.com\/shop\/wp-json\/wp\/v2\/product"}],"about":[{"href":"https:\/\/solucoesled.com\/shop\/wp-json\/wp\/v2\/types\/product"}],"wp:featuredmedia":[{"embeddable":true,"href":"https:\/\/solucoesled.com\/shop\/wp-json\/wp\/v2\/media\/15391"}],"wp:attachment":[{"href":"https:\/\/solucoesled.com\/shop\/wp-json\/wp\/v2\/media?parent=13465"}],"wp:term":[{"taxonomy":"product_cat","embeddable":true,"href":"https:\/\/solucoesled.com\/shop\/wp-json\/wp\/v2\/product_cat?post=13465"},{"taxonomy":"product_tag","embeddable":true,"href":"https:\/\/solucoesled.com\/shop\/wp-json\/wp\/v2\/product_tag?post=13465"}],"curies":[{"name":"wp","href":"https:\/\/api.w.org\/{rel}","templated":true}]}}