{"id":11787,"date":"2022-05-23T11:23:21","date_gmt":"2022-05-23T10:23:21","guid":{"rendered":"https:\/\/solucoesled.com\/shop\/?post_type=product&#038;p=11787"},"modified":"2026-02-25T17:14:21","modified_gmt":"2026-02-25T17:14:21","slug":"arrancador-lampada-t8-led","status":"publish","type":"product","link":"https:\/\/solucoesled.com\/shop\/product\/arrancador-lampada-t8-led\/","title":{"rendered":"Arrancador lampada T8 LED"},"content":{"rendered":"","protected":false},"excerpt":{"rendered":"<h2><span style=\"color: #00ccff\">REF. ARRLED<\/span><\/h2>\n<p>Arrancador para l\u00e2mpadas tubulares de LED.<br \/>\n\u00c9 essencial para o correto funcionamento das lumin\u00e1rias com tecnologia LED quando n\u00e3o se remove o balastro.<br \/>\nFeito de policarbonato.<\/p>\n<p>Caixa de 25 Unidades<\/p>\n","protected":false},"featured_media":11800,"template":"","meta":[],"product_cat":[1351,129,1352,1353,1354,26],"product_tag":[],"acf":[],"_links":{"self":[{"href":"https:\/\/solucoesled.com\/shop\/wp-json\/wp\/v2\/product\/11787"}],"collection":[{"href":"https:\/\/solucoesled.com\/shop\/wp-json\/wp\/v2\/product"}],"about":[{"href":"https:\/\/solucoesled.com\/shop\/wp-json\/wp\/v2\/types\/product"}],"wp:featuredmedia":[{"embeddable":true,"href":"https:\/\/solucoesled.com\/shop\/wp-json\/wp\/v2\/media\/11800"}],"wp:attachment":[{"href":"https:\/\/solucoesled.com\/shop\/wp-json\/wp\/v2\/media?parent=11787"}],"wp:term":[{"taxonomy":"product_cat","embeddable":true,"href":"https:\/\/solucoesled.com\/shop\/wp-json\/wp\/v2\/product_cat?post=11787"},{"taxonomy":"product_tag","embeddable":true,"href":"https:\/\/solucoesled.com\/shop\/wp-json\/wp\/v2\/product_tag?post=11787"}],"curies":[{"name":"wp","href":"https:\/\/api.w.org\/{rel}","templated":true}]}}