{"id":11003,"date":"2022-05-16T12:13:29","date_gmt":"2022-05-16T11:13:29","guid":{"rendered":"https:\/\/solucoesled.com\/shop\/?post_type=product&#038;p=11003"},"modified":"2026-03-02T11:09:42","modified_gmt":"2026-03-02T11:09:42","slug":"sensor-de-movimento-microondas-e-crepuscular-1000w-dimavel-4-10m-360o-ip65","status":"publish","type":"product","link":"https:\/\/solucoesled.com\/shop\/product\/sensor-de-movimento-microondas-e-crepuscular-1000w-dimavel-4-10m-360o-ip65\/","title":{"rendered":"Sensor de Movimento Microondas e Crepuscular 1000w Dim\u00e1vel 4-10m 360\u00ba IP65"},"content":{"rendered":"","protected":false},"excerpt":{"rendered":"<h2 style=\"color:#3ea8f4\">REF. S00759A01R<\/h2>\n<p><b>Alcance:<\/b> 4 a 10m<br \/>\nC\/regula\u00e7\u00e3o fluxo luminoso (dim\u00e1vel)<\/p>\n","protected":false},"featured_media":11004,"template":"","meta":[],"product_cat":[1822,1819],"product_tag":[1859],"acf":[],"_links":{"self":[{"href":"https:\/\/solucoesled.com\/shop\/wp-json\/wp\/v2\/product\/11003"}],"collection":[{"href":"https:\/\/solucoesled.com\/shop\/wp-json\/wp\/v2\/product"}],"about":[{"href":"https:\/\/solucoesled.com\/shop\/wp-json\/wp\/v2\/types\/product"}],"wp:featuredmedia":[{"embeddable":true,"href":"https:\/\/solucoesled.com\/shop\/wp-json\/wp\/v2\/media\/11004"}],"wp:attachment":[{"href":"https:\/\/solucoesled.com\/shop\/wp-json\/wp\/v2\/media?parent=11003"}],"wp:term":[{"taxonomy":"product_cat","embeddable":true,"href":"https:\/\/solucoesled.com\/shop\/wp-json\/wp\/v2\/product_cat?post=11003"},{"taxonomy":"product_tag","embeddable":true,"href":"https:\/\/solucoesled.com\/shop\/wp-json\/wp\/v2\/product_tag?post=11003"}],"curies":[{"name":"wp","href":"https:\/\/api.w.org\/{rel}","templated":true}]}}