{"id":10967,"date":"2022-05-16T10:26:07","date_gmt":"2022-05-16T09:26:07","guid":{"rendered":"https:\/\/solucoesled.com\/shop\/?post_type=product&#038;p=10967"},"modified":"2026-03-02T10:50:52","modified_gmt":"2026-03-02T10:50:52","slug":"sensor-movimento-infravermelhos-de-parede-c-fotocelula-1200w-240o-10m-ip65","status":"publish","type":"product","link":"https:\/\/solucoesled.com\/shop\/product\/sensor-movimento-infravermelhos-de-parede-c-fotocelula-1200w-240o-10m-ip65\/","title":{"rendered":"Sensor Movimento Infravermelhos de parede c\/ Fotoc\u00e9lula 300w 240\u00ba 10m IP65"},"content":{"rendered":"<p>Sensor de movimento por Infra Vermelhos (IR), estanque IP65, \u00e2ngulo de detec\u00e7\u00e3o 240\u00b0, velocidade de detec\u00e7\u00e3o 0.6-1.5m\/s, tempo de atraso 10seg.\u00b13seg. a 15min.\u00b12min., altura de instala\u00e7\u00e3o de 1.8-2.5m, n\u00edvel de luz ambiente de actua\u00e7\u00e3o regul\u00e1vel entre &lt;3-2000lux e &lt;15lux (fun\u00e7\u00e3o fotoc\u00e9lula). Adequado para cargas m\u00e1ximas com l\u00e2mpadas incandescentes de 1200W (220-240VAC) e l\u00e2mpadas economizadoras de 600W (220-240VAC). Como os sensores infravermelhos detectam movimento atrav\u00e9s do calor do corpo, eles s\u00e3o ideais colocar em locais de passagem ou junto a portas para accionarem a luz quando passam pessoas. Ao detectarem movimento atrav\u00e9s do calor, estes sensores n\u00e3o s\u00e3o accionados por movimento de objectos (carros, ondula\u00e7\u00e3o de \u00e1rvores, cortinas, &#8230;), no entanto o seu desempenho pode ser afetado pela temperatura ambiente (se muito alta ou muito baixa).<\/p>\n","protected":false},"excerpt":{"rendered":"<h2 style=\"color: #3ea8f4\">REF. S00101801<\/h2>\n<p><b>Alcance:<\/b> 10m<br \/>\nCom op\u00e7\u00e3o de coloca\u00e7\u00e3o num canto<\/p>\n","protected":false},"featured_media":10969,"template":"","meta":[],"product_cat":[1822,1819],"product_tag":[1839],"acf":[],"_links":{"self":[{"href":"https:\/\/solucoesled.com\/shop\/wp-json\/wp\/v2\/product\/10967"}],"collection":[{"href":"https:\/\/solucoesled.com\/shop\/wp-json\/wp\/v2\/product"}],"about":[{"href":"https:\/\/solucoesled.com\/shop\/wp-json\/wp\/v2\/types\/product"}],"wp:featuredmedia":[{"embeddable":true,"href":"https:\/\/solucoesled.com\/shop\/wp-json\/wp\/v2\/media\/10969"}],"wp:attachment":[{"href":"https:\/\/solucoesled.com\/shop\/wp-json\/wp\/v2\/media?parent=10967"}],"wp:term":[{"taxonomy":"product_cat","embeddable":true,"href":"https:\/\/solucoesled.com\/shop\/wp-json\/wp\/v2\/product_cat?post=10967"},{"taxonomy":"product_tag","embeddable":true,"href":"https:\/\/solucoesled.com\/shop\/wp-json\/wp\/v2\/product_tag?post=10967"}],"curies":[{"name":"wp","href":"https:\/\/api.w.org\/{rel}","templated":true}]}}