{"id":10953,"date":"2022-05-16T10:09:20","date_gmt":"2022-05-16T09:09:20","guid":{"rendered":"https:\/\/solucoesled.com\/shop\/?post_type=product&#038;p=10953"},"modified":"2026-03-26T15:35:34","modified_gmt":"2026-03-26T15:35:34","slug":"sensor-movimento-infravermelhos-de-tecto-1200w-360o-6m-ip20","status":"publish","type":"product","link":"https:\/\/solucoesled.com\/shop\/product\/sensor-movimento-infravermelhos-de-tecto-1200w-360o-6m-ip20\/","title":{"rendered":"Sensor Movimento Infravermelhos de tecto 300w 360\u00ba 6m IP20"},"content":{"rendered":"<p>Sensor de movimento por Infra Vermelhos (IR), IP20, \u00e2ngulo de detec\u00e7\u00e3o 360\u00b0(1xdetector), velocidade de detec\u00e7\u00e3o 0.6-1.5m\/s, tempo de atraso 10seg.\u00b1 3seg. a 15min.\u00b12min.(regul\u00e1vel), altura de instala\u00e7\u00e3o de 2.2-4m, n\u00edvel de luz ambiente de actua\u00e7\u00e3o regul\u00e1vel entre &lt;3-2000lux. Adequado para cargas m\u00e1ximas com l\u00e2mpadas incandescentes de 1200W (220-240VAC) e 800W (110-130VAC) e l\u00e2mpadas economizadoras de 300W (220-240VAC) e 200W (110-130VAC). Como os sensores infravermelhos detectam movimento atrav\u00e9s do calor do corpo, eles s\u00e3o ideais colocar em locais de passagem ou junto a portas para accionarem a luz quando passam pessoas. Ao detectarem movimento atrav\u00e9s do calor, estes sensores n\u00e3o s\u00e3o acionados por movimento de objetos (carros, ondula\u00e7\u00e3o de \u00e1rvores, cortinas, &#8230;), no entanto o seu desempenho pode ser afetado pela temperatura ambiente (se muito alta ou muito baixa).<\/p>\n","protected":false},"excerpt":{"rendered":"<h2 style=\"color: #3ea8f4\">REF. S00105A01<\/h2>\n<p><b>Alcance:<\/b> 6m<\/p>\n","protected":false},"featured_media":10932,"template":"","meta":[],"product_cat":[1821,1819],"product_tag":[1835],"acf":[],"_links":{"self":[{"href":"https:\/\/solucoesled.com\/shop\/wp-json\/wp\/v2\/product\/10953"}],"collection":[{"href":"https:\/\/solucoesled.com\/shop\/wp-json\/wp\/v2\/product"}],"about":[{"href":"https:\/\/solucoesled.com\/shop\/wp-json\/wp\/v2\/types\/product"}],"wp:featuredmedia":[{"embeddable":true,"href":"https:\/\/solucoesled.com\/shop\/wp-json\/wp\/v2\/media\/10932"}],"wp:attachment":[{"href":"https:\/\/solucoesled.com\/shop\/wp-json\/wp\/v2\/media?parent=10953"}],"wp:term":[{"taxonomy":"product_cat","embeddable":true,"href":"https:\/\/solucoesled.com\/shop\/wp-json\/wp\/v2\/product_cat?post=10953"},{"taxonomy":"product_tag","embeddable":true,"href":"https:\/\/solucoesled.com\/shop\/wp-json\/wp\/v2\/product_tag?post=10953"}],"curies":[{"name":"wp","href":"https:\/\/api.w.org\/{rel}","templated":true}]}}