{"id":10937,"date":"2022-05-16T09:25:13","date_gmt":"2022-05-16T08:25:13","guid":{"rendered":"https:\/\/solucoesled.com\/shop\/?post_type=product&#038;p=10937"},"modified":"2026-02-25T17:24:51","modified_gmt":"2026-02-25T17:24:51","slug":"sensor-de-movimento-st41-embutir-tecto-1200w-120o-360o-6m-ip20","status":"publish","type":"product","link":"https:\/\/solucoesled.com\/shop\/product\/sensor-de-movimento-st41-embutir-tecto-1200w-120o-360o-6m-ip20\/","title":{"rendered":"Sensor de Movimento ST41 Embutir tecto 300w 120\u00ba-360\u00ba 6m IP20"},"content":{"rendered":"<p>Sensor de movimento por Infra Vermelhos (IR), IP20, \u00e2ngulo de detec\u00e7\u00e3o 360\u00b0, velocidade de detec\u00e7\u00e3o 0.6-1.5m\/s, tempo de atraso 10seg.\u00b1 3seg. a 15min.\u00b12min.(regul\u00e1vel), altura de instala\u00e7\u00e3o de 2.2-4m, n\u00edvel de luz ambiente de actua\u00e7\u00e3o regul\u00e1vel entre &lt;3-2000lux. Adequado para cargas m\u00e1ximas com l\u00e2mpadas incandescentes de 1200W (220-240VAC) e 800W (110-130VAC) e l\u00e2mpadas economizadoras de 300W (220-240VAC) e 200W (110-130VAC)<\/p>\n","protected":false},"excerpt":{"rendered":"<h2 style=\"color: #3ea8f4\">REF. S00104101<\/h2>\n<p><b>Alcance:<\/b> 6m<\/p>\n","protected":false},"featured_media":10941,"template":"","meta":[],"product_cat":[1821,1819],"product_tag":[1831],"acf":[],"_links":{"self":[{"href":"https:\/\/solucoesled.com\/shop\/wp-json\/wp\/v2\/product\/10937"}],"collection":[{"href":"https:\/\/solucoesled.com\/shop\/wp-json\/wp\/v2\/product"}],"about":[{"href":"https:\/\/solucoesled.com\/shop\/wp-json\/wp\/v2\/types\/product"}],"wp:featuredmedia":[{"embeddable":true,"href":"https:\/\/solucoesled.com\/shop\/wp-json\/wp\/v2\/media\/10941"}],"wp:attachment":[{"href":"https:\/\/solucoesled.com\/shop\/wp-json\/wp\/v2\/media?parent=10937"}],"wp:term":[{"taxonomy":"product_cat","embeddable":true,"href":"https:\/\/solucoesled.com\/shop\/wp-json\/wp\/v2\/product_cat?post=10937"},{"taxonomy":"product_tag","embeddable":true,"href":"https:\/\/solucoesled.com\/shop\/wp-json\/wp\/v2\/product_tag?post=10937"}],"curies":[{"name":"wp","href":"https:\/\/api.w.org\/{rel}","templated":true}]}}