{"id":10918,"date":"2022-05-13T17:42:42","date_gmt":"2022-05-13T16:42:42","guid":{"rendered":"https:\/\/solucoesled.com\/shop\/?post_type=product&#038;p=10918"},"modified":"2026-02-25T17:15:37","modified_gmt":"2026-02-25T17:15:37","slug":"sensor-movimento-infravermelhos-de-tecto-400w-1200w-360o-ip20","status":"publish","type":"product","link":"https:\/\/solucoesled.com\/shop\/product\/sensor-movimento-infravermelhos-de-tecto-400w-1200w-360o-ip20\/","title":{"rendered":"Sensor Movimento Infravermelhos de tecto 400w 360\u00ba 8m IP20"},"content":{"rendered":"<p>Sensor de movimento por Infra Vermelhos (IR), IP20, \u00e2ngulo de detec\u00e7\u00e3o 360\u00b0, velocidade de detec\u00e7\u00e3o 0.6-1.5m\/s, tempo de atraso 10seg.\u00b13seg. a 7min.\u00b12min., altura de instala\u00e7\u00e3o de 2.2-4m, n\u00edvel de luz ambiente de actua\u00e7\u00e3o regul\u00e1vel entre &lt;3-2000lux. Adequado para cargas m\u00e1ximas com l\u00e2mpadas incandescentes de 400W (220-240VAC) e 200W (110-130VAC) e l\u00e2mpadas economizadoras de 200W (220-240VAC) e 100W (110-130VAC). Como os sensores infravermelhos detectam movimento atrav\u00e9s do calor do corpo, eles s\u00e3o ideais colocar em locais de passagem ou junto a portas para accionarem a luz quando passam pessoas. Ao detectarem movimento atrav\u00e9s do calor, estes sensores n\u00e3o s\u00e3o accionados por movimento de objectos (carros, ondula\u00e7\u00e3o de \u00e1rvores, cortinas, &#8230;), no entanto o seu desempenho pode ser afetado pela temperatura ambiente (se muito alta ou muito baixa).<\/p>\n","protected":false},"excerpt":{"rendered":"<h2 style=\"color:#3ea8f4\">REF. S00105M01<\/h2>\n<p><b>Alcance:<\/b> 8m<\/p>\n","protected":false},"featured_media":10936,"template":"","meta":[],"product_cat":[1821,1819],"product_tag":[1834],"acf":[],"_links":{"self":[{"href":"https:\/\/solucoesled.com\/shop\/wp-json\/wp\/v2\/product\/10918"}],"collection":[{"href":"https:\/\/solucoesled.com\/shop\/wp-json\/wp\/v2\/product"}],"about":[{"href":"https:\/\/solucoesled.com\/shop\/wp-json\/wp\/v2\/types\/product"}],"wp:featuredmedia":[{"embeddable":true,"href":"https:\/\/solucoesled.com\/shop\/wp-json\/wp\/v2\/media\/10936"}],"wp:attachment":[{"href":"https:\/\/solucoesled.com\/shop\/wp-json\/wp\/v2\/media?parent=10918"}],"wp:term":[{"taxonomy":"product_cat","embeddable":true,"href":"https:\/\/solucoesled.com\/shop\/wp-json\/wp\/v2\/product_cat?post=10918"},{"taxonomy":"product_tag","embeddable":true,"href":"https:\/\/solucoesled.com\/shop\/wp-json\/wp\/v2\/product_tag?post=10918"}],"curies":[{"name":"wp","href":"https:\/\/api.w.org\/{rel}","templated":true}]}}