{"id":10887,"date":"2022-05-13T16:00:41","date_gmt":"2022-05-13T16:00:41","guid":{"rendered":"https:\/\/solucoesled.com\/shop\/?post_type=product&#038;p=10887"},"modified":"2026-03-25T11:41:19","modified_gmt":"2026-03-25T11:41:19","slug":"fita-led-5m-smd-24v-20w-m-2700k-4000k-6000k-2835-ip20","status":"publish","type":"product","link":"https:\/\/solucoesled.com\/shop\/product\/fita-led-5m-smd-24v-20w-m-2700k-4000k-6000k-2835-ip20\/","title":{"rendered":"Fita Led 5m SMD 24v 20w\/m 2200k\/2700k\/4000k\/6000k LED 2835 IP20"},"content":{"rendered":"","protected":false},"excerpt":{"rendered":"<p><iframe loading=\"lazy\" width=\"560\" height=\"315\" src=\"https:\/\/youtube.com\/embed\/MGrSB6SvAQM?feature=share\" title=\"YouTube video player\" frameborder=\"0\" allow=\"accelerometer; autoplay; clipboard-write; encrypted-media; gyroscope; picture-in-picture; web-share\" referrerpolicy=\"strict-origin-when-cross-origin\" allowfullscreen><\/iframe><\/p>\n<h3>DIM\u00c1VEL<br \/>\nROLO<strong>: <u>5mts<\/u>.<br \/>\n\u00c9 aconselh\u00e1vel instala\u00e7\u00e3o sobre um perfil de alum\u00ednio para conseguir uma boa dissipa\u00e7\u00e3o de calor.<\/strong><\/h3>\n","protected":false},"featured_media":21963,"template":"","meta":[],"product_cat":[1726,1771,1653,1009],"product_tag":[1794,1817,1818],"acf":[],"_links":{"self":[{"href":"https:\/\/solucoesled.com\/shop\/wp-json\/wp\/v2\/product\/10887"}],"collection":[{"href":"https:\/\/solucoesled.com\/shop\/wp-json\/wp\/v2\/product"}],"about":[{"href":"https:\/\/solucoesled.com\/shop\/wp-json\/wp\/v2\/types\/product"}],"wp:featuredmedia":[{"embeddable":true,"href":"https:\/\/solucoesled.com\/shop\/wp-json\/wp\/v2\/media\/21963"}],"wp:attachment":[{"href":"https:\/\/solucoesled.com\/shop\/wp-json\/wp\/v2\/media?parent=10887"}],"wp:term":[{"taxonomy":"product_cat","embeddable":true,"href":"https:\/\/solucoesled.com\/shop\/wp-json\/wp\/v2\/product_cat?post=10887"},{"taxonomy":"product_tag","embeddable":true,"href":"https:\/\/solucoesled.com\/shop\/wp-json\/wp\/v2\/product_tag?post=10887"}],"curies":[{"name":"wp","href":"https:\/\/api.w.org\/{rel}","templated":true}]}}