{"id":10104,"date":"2022-05-06T11:34:46","date_gmt":"2022-05-06T10:34:46","guid":{"rendered":"https:\/\/solucoesled.com\/shop\/?post_type=product&#038;p=10104"},"modified":"2026-02-25T17:16:19","modified_gmt":"2026-02-25T17:16:19","slug":"uniao-central-monofasica-branco-para-calha-monofasica","status":"publish","type":"product","link":"https:\/\/solucoesled.com\/shop\/product\/uniao-central-monofasica-branco-para-calha-monofasica\/","title":{"rendered":"Uni\u00e3o Central Monof\u00e1sica Branco para calha Monof\u00e1sica"},"content":{"rendered":"","protected":false},"excerpt":{"rendered":"<h3>REF. 003957<\/h3>\n","protected":false},"featured_media":10110,"template":"","meta":[],"product_cat":[1634,1442],"product_tag":[1633],"acf":[],"_links":{"self":[{"href":"https:\/\/solucoesled.com\/shop\/wp-json\/wp\/v2\/product\/10104"}],"collection":[{"href":"https:\/\/solucoesled.com\/shop\/wp-json\/wp\/v2\/product"}],"about":[{"href":"https:\/\/solucoesled.com\/shop\/wp-json\/wp\/v2\/types\/product"}],"wp:featuredmedia":[{"embeddable":true,"href":"https:\/\/solucoesled.com\/shop\/wp-json\/wp\/v2\/media\/10110"}],"wp:attachment":[{"href":"https:\/\/solucoesled.com\/shop\/wp-json\/wp\/v2\/media?parent=10104"}],"wp:term":[{"taxonomy":"product_cat","embeddable":true,"href":"https:\/\/solucoesled.com\/shop\/wp-json\/wp\/v2\/product_cat?post=10104"},{"taxonomy":"product_tag","embeddable":true,"href":"https:\/\/solucoesled.com\/shop\/wp-json\/wp\/v2\/product_tag?post=10104"}],"curies":[{"name":"wp","href":"https:\/\/api.w.org\/{rel}","templated":true}]}}